{"id":192,"date":"2020-08-10T09:52:44","date_gmt":"2020-08-10T07:52:44","guid":{"rendered":"http:\/\/constrb.cluster028.hosting.ovh.net\/vm264348-ovh\/?page_id=192"},"modified":"2024-11-04T15:44:11","modified_gmt":"2024-11-04T14:44:11","slug":"serrures-2","status":"publish","type":"page","link":"https:\/\/www.valentesecurystar.com\/index.php\/securystar-accueil\/nos-produits\/serrures-2\/","title":{"rendered":"Serrures"},"content":{"rendered":"\n\n\t<h1>serrures<\/h1>\n\t\t\t\t<img data-recalc-dims=\"1\" height=\"300\" width=\"300\" decoding=\"async\" src=\"https:\/\/i0.wp.com\/constructionvalentesecurite.fr\/wp-content\/uploads\/2020\/08\/LOGO-FABRIQUE-EN-FRANCE-300x300.png?resize=300%2C300&#038;ssl=1\" alt=\"FABRIQUE EN FRANCE\" itemprop=\"image\" title=\"FABRIQUE EN FRANCE\" onerror=\"this.style.display='none'\"  \/>\n\t\t\t\t<img data-recalc-dims=\"1\" height=\"249\" width=\"300\" decoding=\"async\" src=\"https:\/\/i0.wp.com\/www.valentesecurystar.com\/wp-content\/uploads\/2024\/04\/logo-GARANTIE-15-ans-2021.png?resize=300%2C249&#038;ssl=1\" alt=\"logo GARANTIE 15 ans 2021\" itemprop=\"image\" title=\"logo GARANTIE 15 ans 2021\" onerror=\"this.style.display='none'\"  \/>\n\t\t\t\t<img data-recalc-dims=\"1\" decoding=\"async\" src=\"https:\/\/i0.wp.com\/constructionvalentesecurite.fr\/wp-content\/uploads\/2020\/09\/trio-certifie.png?ssl=1\" alt=\"trio certifi\u00e9\" itemprop=\"image\" title=\"trio certifi\u00e9\" onerror=\"this.style.display='none'\"  \/>\n\t<p>sur mesure \u00e0 vos mesures<\/p>\n\t<h3><strong>Demander votre devis<\/strong><\/h3>\n\t\n<div class=\"wpcf7 no-js\" id=\"wpcf7-f5230-o1\" lang=\"fr-FR\" dir=\"ltr\" data-wpcf7-id=\"5230\">\n<div class=\"screen-reader-response\"><p role=\"status\" aria-live=\"polite\" aria-atomic=\"true\"><\/p> <ul><\/ul><\/div>\n<form action=\"\/index.php\/wp-json\/wp\/v2\/pages\/192#wpcf7-f5230-o1\" method=\"post\" class=\"wpcf7-form init\" aria-label=\"Formulaire de contact\" novalidate=\"novalidate\" data-status=\"init\">\n<fieldset class=\"hidden-fields-container\"><input type=\"hidden\" name=\"_wpcf7\" value=\"5230\" \/><input type=\"hidden\" name=\"_wpcf7_version\" value=\"6.1.5\" \/><input type=\"hidden\" name=\"_wpcf7_locale\" value=\"fr_FR\" \/><input type=\"hidden\" name=\"_wpcf7_unit_tag\" value=\"wpcf7-f5230-o1\" \/><input type=\"hidden\" name=\"_wpcf7_container_post\" value=\"0\" \/><input type=\"hidden\" name=\"_wpcf7_posted_data_hash\" value=\"\" \/><input type=\"hidden\" name=\"_wpcf7_recaptcha_response\" value=\"\" \/>\n<\/fieldset>\n<p style=\"font-size:12px; color:black;\">Tous les champs sont obligatoires:\n<\/p>\n<div style=\"width:50%; margin:auto;\">\n\t<div>\n\t\t<p><label><span class=\"wpcf7-form-control-wrap\" data-name=\"Nom\"><input size=\"40\" maxlength=\"400\" class=\"wpcf7-form-control wpcf7-text wpcf7-validates-as-required\" aria-required=\"true\" aria-invalid=\"false\" placeholder=\"Nom*\" value=\"\" type=\"text\" name=\"Nom\" \/><\/span><\/label><br \/>\n<label><span class=\"wpcf7-form-control-wrap\" data-name=\"NomSoc\"><input size=\"40\" maxlength=\"400\" class=\"wpcf7-form-control wpcf7-text wpcf7-validates-as-required\" aria-required=\"true\" aria-invalid=\"false\" placeholder=\"Nom entreprise*\" value=\"\" type=\"text\" name=\"NomSoc\" \/><\/span><\/label><br \/>\n<label><span class=\"wpcf7-form-control-wrap\" data-name=\"numSiret\"><input size=\"40\" maxlength=\"400\" class=\"wpcf7-form-control wpcf7-text wpcf7-validates-as-required\" aria-required=\"true\" aria-invalid=\"false\" placeholder=\"Num\u00e9ro SIRET\/SIREN\" value=\"\" type=\"text\" name=\"numSiret\" \/><\/span><\/label><br \/>\n<label><span class=\"wpcf7-form-control-wrap\" data-name=\"Mail\"><input size=\"40\" maxlength=\"400\" class=\"wpcf7-form-control wpcf7-email wpcf7-validates-as-required wpcf7-text wpcf7-validates-as-email\" aria-required=\"true\" aria-invalid=\"false\" placeholder=\"email*\" value=\"\" type=\"email\" name=\"Mail\" \/><\/span><\/label><br \/>\n<label><span class=\"wpcf7-form-control-wrap\" data-name=\"TEL\"><input size=\"40\" maxlength=\"400\" class=\"wpcf7-form-control wpcf7-tel wpcf7-validates-as-required wpcf7-text wpcf7-validates-as-tel\" aria-required=\"true\" aria-invalid=\"false\" placeholder=\"N\u00b0 de t\u00e9l\u00e9phone*\" value=\"\" type=\"tel\" name=\"TEL\" \/><\/span><\/label><br \/>\n<label><span class=\"wpcf7-form-control-wrap\" data-name=\"Adresse\"><input size=\"40\" maxlength=\"400\" class=\"wpcf7-form-control wpcf7-text wpcf7-validates-as-required\" aria-required=\"true\" aria-invalid=\"false\" placeholder=\"Adresse*\" value=\"\" type=\"text\" name=\"Adresse\" \/><\/span><\/label><br \/>\n<label><span class=\"wpcf7-form-control-wrap\" data-name=\"Codepostal\"><input size=\"40\" maxlength=\"400\" class=\"wpcf7-form-control wpcf7-text wpcf7-validates-as-required\" aria-required=\"true\" aria-invalid=\"false\" placeholder=\"Code postal*\" value=\"\" type=\"text\" name=\"Codepostal\" \/><\/span><\/label><br \/>\n<label><span class=\"wpcf7-form-control-wrap\" data-name=\"Ville\"><input size=\"40\" maxlength=\"400\" class=\"wpcf7-form-control wpcf7-text wpcf7-validates-as-required\" aria-required=\"true\" aria-invalid=\"false\" placeholder=\"Ville*\" value=\"\" type=\"text\" name=\"Ville\" \/><\/span><\/label>\n\t\t<\/p>\n\t\t<p><span class=\"wpcf7-form-control-wrap\" data-name=\"Message\"><textarea cols=\"40\" rows=\"10\" maxlength=\"2000\" class=\"wpcf7-form-control wpcf7-textarea\" aria-invalid=\"false\" placeholder=\"D\u00e9crivez nous votre projet, en pr\u00e9cisant le plus de d\u00e9tails possible.\" name=\"Message\"><\/textarea><\/span>\n\t\t<\/p>\n\t<\/div>\n\t<p><span class=\"wpcf7-form-control-wrap\" data-name=\"acceptance-748\"><span class=\"wpcf7-form-control wpcf7-acceptance\"><span class=\"wpcf7-list-item\"><label><input type=\"checkbox\" name=\"acceptance-748\" value=\"1\" aria-invalid=\"false\" \/><span class=\"wpcf7-list-item-label\">En cochant cette case vous acceptez notre politique de confidentialit\u00e9*<\/span><\/label><\/span><\/span><\/span><br \/>\n<input class=\"wpcf7-form-control wpcf7-submit has-spinner\" type=\"submit\" value=\"Envoyer\" \/>\n\t<\/p>\n<\/div><p style=\"display: none !important;\" class=\"akismet-fields-container\" data-prefix=\"_wpcf7_ak_\"><label>&#916;<textarea name=\"_wpcf7_ak_hp_textarea\" cols=\"45\" rows=\"8\" maxlength=\"100\"><\/textarea><\/label><input type=\"hidden\" id=\"ak_js_1\" name=\"_wpcf7_ak_js\" value=\"6\"\/><script>document.getElementById( \"ak_js_1\" ).setAttribute( \"value\", ( new Date() ).getTime() );<\/script><\/p><div class=\"wpcf7-response-output\" aria-hidden=\"true\"><\/div>\n<\/form>\n<\/div>\n\n\t<iframe src=\"https:\/\/www.google.com\/maps\/embed\/v1\/place?q=Valente+Securystar%0A1+rue+du+courson+94320+thiais&#038;key=AIzaSyD09zQ9PNDNNy9TadMuzRV_UsPUoWKntt8\" aria-hidden=\"true\"><\/iframe>\n\t<h2>nous contacter<\/h2>\n\t\n\t\n \n<form action=\"\/?page_id=192&#038;fl_builder#wpcf7-f3899-o1\" method=\"post\" aria-label=\"Formulaire de contact\" novalidate=\"novalidate\" data-status=\"init\">\n<input type=\"hidden\" name=\"_wpcf7\" value=\"3899\" \/>\n<input type=\"hidden\" name=\"_wpcf7_version\" value=\"6.0\" \/>\n<input type=\"hidden\" name=\"_wpcf7_locale\" value=\"fr_FR\" \/>\n<input type=\"hidden\" name=\"_wpcf7_unit_tag\" value=\"wpcf7-f3899-o1\" \/>\n<input type=\"hidden\" name=\"_wpcf7_container_post\" value=\"0\" \/>\n<input type=\"hidden\" name=\"_wpcf7_posted_data_hash\" value=\"\" \/>\n<input type=\"hidden\" name=\"_wpcf7_recaptcha_response\" value=\"\" \/>\n<input type=\"radio\" name=\"checkbox01\" value=\"Madame\" checked=\"checked\" \/>Madame<input type=\"radio\" name=\"checkbox01\" value=\"Monsieur\" \/>Monsieur<br \/>\n<label><input size=\"40\" maxlength=\"400\" aria-required=\"true\" aria-invalid=\"false\" placeholder=\"Nom*\" value=\"\" type=\"text\" name=\"NAME\" \/><\/label><br \/>\n<label><input size=\"40\" maxlength=\"400\" aria-required=\"true\" aria-invalid=\"false\" placeholder=\"Pr\u00e9nom*\" value=\"\" type=\"text\" name=\"Prenom\" \/><\/label><br \/>\n<label><input size=\"40\" maxlength=\"400\" aria-required=\"true\" aria-invalid=\"false\" placeholder=\"Votre adresse email*\" value=\"\" type=\"email\" name=\"MAIL\" \/><\/label><br \/>\n<label><input size=\"40\" maxlength=\"400\" aria-required=\"true\" aria-invalid=\"false\" placeholder=\"Votre adresse*\" value=\"\" type=\"text\" name=\"ADRESS\" \/><\/label><br \/>\n<label><input size=\"40\" maxlength=\"400\" aria-required=\"true\" aria-invalid=\"false\" value=\"N\u00b0 de t\u00e9l\u00e9phone de contact*\" type=\"tel\" name=\"TEL\" \/><\/label><br \/>\n<label><input size=\"40\" maxlength=\"400\" aria-required=\"true\" aria-invalid=\"false\" placeholder=\"Objet*\" value=\"\" type=\"text\" name=\"SUBJECT\" \/><\/label>\n\n<label><textarea cols=\"40\" rows=\"10\" maxlength=\"2000\" aria-required=\"true\" aria-invalid=\"false\" placeholder=\"Votre message*\" name=\"MESSAGE\"><\/textarea> <\/label>\n\nTous les champs marqu\u00e9 d&#8217;un <b>*<\/b> sont obligatoires:\n\nJ&#039;ai lu et j&#039;accepte la politique de confidentialit\u00e9*<input type=\"checkbox\" name=\"Politique[]\" value=\"J&#039;ai lu et j&#039;accepte la politique de confidentialit\u00e9*\" \/><br \/>\n<input type=\"submit\" value=\"Envoyer\" \/>\n<label>&#916;<textarea name=\"_wpcf7_ak_hp_textarea\" cols=\"45\" rows=\"8\" maxlength=\"100\"><\/textarea><\/label><input type=\"hidden\" id=\"ak_js_1\" name=\"_wpcf7_ak_js\" value=\"44\"\/>\n<\/form>\n\t\t\t\t<img data-recalc-dims=\"1\" height=\"288\" width=\"300\" decoding=\"async\" src=\"https:\/\/i0.wp.com\/www.valentesecurystar.com\/wp-content\/uploads\/2020\/08\/Triangle-logo-VALENTE-SECURYSTAR-customise.png?resize=300%2C288&#038;ssl=1\" alt=\"Triangle logo VALENTE SECURYSTAR\" itemprop=\"image\" title=\"Triangle logo VALENTE SECURYSTAR\" onerror=\"this.style.display='none'\"  \/>\n\t<h2>valente securystar portes<\/h2>\n\t1 rue du Courson<br \/>\n94320 &#8211; Thiais\nT\u00e9l: 01 56 34 24 24<br \/>\nFax: 01 56 34 24 25\n\t\t\t<a href=\"https:\/\/www.facebook.com\/ValenteSecurystar\" target=\"_blank\" role=\"button\" rel=\"noopener nofollow\">\n\t\t\t\t\t\t\t<\/a>\n\t\t\t<a href=\"https:\/\/www.facebook.com\/ValenteSecurystar\" target=\"_blank\" role=\"button\" rel=\"noopener nofollow\">\n\t\t\t\t\t\t\t<\/a>\n\t\t\t<a href=\"https:\/\/www.instagram.com\/valentesecurystarporte\/\" target=\"_blank\" role=\"button\" rel=\"noopener nofollow\">\n\t\t\t\t\t\t\t<\/a>\n\t\t\t<a href=\"https:\/\/www.linkedin.com\/company\/securystar\" target=\"_blank\" role=\"button\" rel=\"noopener nofollow\">\n\t\t\t\t\t\t\t<\/a>\n\t\t\t<a href=\"https:\/\/www.youtube.com\/channel\/UC2XiIv0V5Kony5E9zXw44zQ\" target=\"_blank\" role=\"button\" rel=\"noopener nofollow\">\n\t\t\t\t\t\t\t<\/a>\n\n","protected":false},"excerpt":{"rendered":"<p>serrures sur mesure \u00e0 vos mesures Demander votre devis nous contacter MadameMonsieur Tous les champs marqu\u00e9 d&#8217;un * sont obligatoires: J&#039;ai lu et j&#039;accepte la politique de confidentialit\u00e9* &#916; valente securystar portes 1 rue du Courson 94320 &#8211; Thiais T\u00e9l: 01 56 34 24 24 Fax: 01 56 34 24 25<\/p>\n","protected":false},"author":1,"featured_media":0,"parent":61,"menu_order":0,"comment_status":"closed","ping_status":"closed","template":"","meta":{"footnotes":""},"class_list":["post-192","page","type-page","status-publish","hentry"],"yoast_head":"<!-- This site is optimized with the Yoast SEO plugin v27.4 - https:\/\/yoast.com\/product\/yoast-seo-wordpress\/ -->\n<title>Serrures - Securystar<\/title>\n<meta name=\"description\" content=\"Serrures de 3 \u00e0 12 points VALENTE\u00a9 SECURYSTAR\u00a9 - Serrures haute resistance certifi\u00e9es A2P* et\/ou A2P***. Serrures multi-points haut et bas.\" \/>\n<meta name=\"robots\" content=\"index, follow, max-snippet:-1, max-image-preview:large, max-video-preview:-1\" \/>\n<link rel=\"canonical\" href=\"https:\/\/www.valentesecurystar.com\/index.php\/securystar-accueil\/nos-produits\/serrures-2\/\" \/>\n<meta property=\"og:locale\" content=\"fr_FR\" \/>\n<meta property=\"og:type\" content=\"article\" \/>\n<meta property=\"og:title\" content=\"Serrures - Securystar\" \/>\n<meta property=\"og:description\" content=\"Serrures de 3 \u00e0 12 points VALENTE\u00a9 SECURYSTAR\u00a9 - Serrures haute resistance certifi\u00e9es A2P* et\/ou A2P***. Serrures multi-points haut et bas.\" \/>\n<meta property=\"og:url\" content=\"https:\/\/www.valentesecurystar.com\/index.php\/securystar-accueil\/nos-produits\/serrures-2\/\" \/>\n<meta property=\"og:site_name\" content=\"Securystar\" \/>\n<meta property=\"article:publisher\" content=\"https:\/\/www.facebook.com\/ValenteSecurystar\" \/>\n<meta property=\"article:modified_time\" content=\"2024-11-04T14:44:11+00:00\" \/>\n<meta property=\"og:image\" content=\"https:\/\/constructionvalentesecurite.fr\/wp-content\/uploads\/2020\/08\/LOGO-FABRIQUE-EN-FRANCE-300x300.png\" \/>\n<meta name=\"twitter:card\" content=\"summary_large_image\" \/>\n<meta name=\"twitter:label1\" content=\"Dur\u00e9e de lecture estim\u00e9e\" \/>\n\t<meta name=\"twitter:data1\" content=\"4 minutes\" \/>\n<script type=\"application\/ld+json\" class=\"yoast-schema-graph\">{\"@context\":\"https:\\\/\\\/schema.org\",\"@graph\":[{\"@type\":\"WebPage\",\"@id\":\"https:\\\/\\\/www.valentesecurystar.com\\\/index.php\\\/securystar-accueil\\\/nos-produits\\\/serrures-2\\\/\",\"url\":\"https:\\\/\\\/www.valentesecurystar.com\\\/index.php\\\/securystar-accueil\\\/nos-produits\\\/serrures-2\\\/\",\"name\":\"Serrures - Securystar\",\"isPartOf\":{\"@id\":\"https:\\\/\\\/www.valentesecurystar.com\\\/#website\"},\"primaryImageOfPage\":{\"@id\":\"https:\\\/\\\/www.valentesecurystar.com\\\/index.php\\\/securystar-accueil\\\/nos-produits\\\/serrures-2\\\/#primaryimage\"},\"image\":{\"@id\":\"https:\\\/\\\/www.valentesecurystar.com\\\/index.php\\\/securystar-accueil\\\/nos-produits\\\/serrures-2\\\/#primaryimage\"},\"thumbnailUrl\":\"https:\\\/\\\/constructionvalentesecurite.fr\\\/wp-content\\\/uploads\\\/2020\\\/08\\\/LOGO-FABRIQUE-EN-FRANCE-300x300.png\",\"datePublished\":\"2020-08-10T07:52:44+00:00\",\"dateModified\":\"2024-11-04T14:44:11+00:00\",\"description\":\"Serrures de 3 \u00e0 12 points VALENTE\u00a9 SECURYSTAR\u00a9 - Serrures haute resistance certifi\u00e9es A2P* et\\\/ou A2P***. Serrures multi-points haut et bas.\",\"breadcrumb\":{\"@id\":\"https:\\\/\\\/www.valentesecurystar.com\\\/index.php\\\/securystar-accueil\\\/nos-produits\\\/serrures-2\\\/#breadcrumb\"},\"inLanguage\":\"fr-FR\",\"potentialAction\":[{\"@type\":\"ReadAction\",\"target\":[\"https:\\\/\\\/www.valentesecurystar.com\\\/index.php\\\/securystar-accueil\\\/nos-produits\\\/serrures-2\\\/\"]}]},{\"@type\":\"ImageObject\",\"inLanguage\":\"fr-FR\",\"@id\":\"https:\\\/\\\/www.valentesecurystar.com\\\/index.php\\\/securystar-accueil\\\/nos-produits\\\/serrures-2\\\/#primaryimage\",\"url\":\"https:\\\/\\\/constructionvalentesecurite.fr\\\/wp-content\\\/uploads\\\/2020\\\/08\\\/LOGO-FABRIQUE-EN-FRANCE-300x300.png\",\"contentUrl\":\"https:\\\/\\\/constructionvalentesecurite.fr\\\/wp-content\\\/uploads\\\/2020\\\/08\\\/LOGO-FABRIQUE-EN-FRANCE-300x300.png\"},{\"@type\":\"BreadcrumbList\",\"@id\":\"https:\\\/\\\/www.valentesecurystar.com\\\/index.php\\\/securystar-accueil\\\/nos-produits\\\/serrures-2\\\/#breadcrumb\",\"itemListElement\":[{\"@type\":\"ListItem\",\"position\":1,\"name\":\"Home\",\"item\":\"https:\\\/\\\/www.valentesecurystar.com\\\/\"},{\"@type\":\"ListItem\",\"position\":2,\"name\":\"Accueil\",\"item\":\"https:\\\/\\\/www.valentesecurystar.com\\\/\"},{\"@type\":\"ListItem\",\"position\":3,\"name\":\"Nos produits\",\"item\":\"https:\\\/\\\/www.valentesecurystar.com\\\/index.php\\\/securystar-accueil\\\/nos-produits\\\/\"},{\"@type\":\"ListItem\",\"position\":4,\"name\":\"Serrures\"}]},{\"@type\":\"WebSite\",\"@id\":\"https:\\\/\\\/www.valentesecurystar.com\\\/#website\",\"url\":\"https:\\\/\\\/www.valentesecurystar.com\\\/\",\"name\":\"Securystar\",\"description\":\"Invent\u00e9e pour prot\u00e9ger\",\"publisher\":{\"@id\":\"https:\\\/\\\/www.valentesecurystar.com\\\/#organization\"},\"potentialAction\":[{\"@type\":\"SearchAction\",\"target\":{\"@type\":\"EntryPoint\",\"urlTemplate\":\"https:\\\/\\\/www.valentesecurystar.com\\\/?s={search_term_string}\"},\"query-input\":{\"@type\":\"PropertyValueSpecification\",\"valueRequired\":true,\"valueName\":\"search_term_string\"}}],\"inLanguage\":\"fr-FR\"},{\"@type\":\"Organization\",\"@id\":\"https:\\\/\\\/www.valentesecurystar.com\\\/#organization\",\"name\":\"Valente Securystar\",\"url\":\"https:\\\/\\\/www.valentesecurystar.com\\\/\",\"logo\":{\"@type\":\"ImageObject\",\"inLanguage\":\"fr-FR\",\"@id\":\"https:\\\/\\\/www.valentesecurystar.com\\\/#\\\/schema\\\/logo\\\/image\\\/\",\"url\":\"https:\\\/\\\/www.valentesecurystar.com\\\/wp-content\\\/uploads\\\/2020\\\/08\\\/Triangle-logo-VALENTE-SECURYSTAR-customise.png\",\"contentUrl\":\"https:\\\/\\\/www.valentesecurystar.com\\\/wp-content\\\/uploads\\\/2020\\\/08\\\/Triangle-logo-VALENTE-SECURYSTAR-customise.png\",\"width\":395,\"height\":379,\"caption\":\"Valente Securystar\"},\"image\":{\"@id\":\"https:\\\/\\\/www.valentesecurystar.com\\\/#\\\/schema\\\/logo\\\/image\\\/\"},\"sameAs\":[\"https:\\\/\\\/www.facebook.com\\\/ValenteSecurystar\",\"https:\\\/\\\/www.instagram.com\\\/valente_securite\\\/\",\"https:\\\/\\\/www.linkedin.com\\\/company\\\/securystar\",\"https:\\\/\\\/www.youtube.com\\\/channel\\\/UC_Q5XzLaGfWe65BLjIpAwuw\"]}]}<\/script>\n<!-- \/ Yoast SEO plugin. -->","yoast_head_json":{"title":"Serrures - Securystar","description":"Serrures de 3 \u00e0 12 points VALENTE\u00a9 SECURYSTAR\u00a9 - Serrures haute resistance certifi\u00e9es A2P* et\/ou A2P***. Serrures multi-points haut et bas.","robots":{"index":"index","follow":"follow","max-snippet":"max-snippet:-1","max-image-preview":"max-image-preview:large","max-video-preview":"max-video-preview:-1"},"canonical":"https:\/\/www.valentesecurystar.com\/index.php\/securystar-accueil\/nos-produits\/serrures-2\/","og_locale":"fr_FR","og_type":"article","og_title":"Serrures - Securystar","og_description":"Serrures de 3 \u00e0 12 points VALENTE\u00a9 SECURYSTAR\u00a9 - Serrures haute resistance certifi\u00e9es A2P* et\/ou A2P***. Serrures multi-points haut et bas.","og_url":"https:\/\/www.valentesecurystar.com\/index.php\/securystar-accueil\/nos-produits\/serrures-2\/","og_site_name":"Securystar","article_publisher":"https:\/\/www.facebook.com\/ValenteSecurystar","article_modified_time":"2024-11-04T14:44:11+00:00","og_image":[{"url":"https:\/\/constructionvalentesecurite.fr\/wp-content\/uploads\/2020\/08\/LOGO-FABRIQUE-EN-FRANCE-300x300.png","type":"","width":"","height":""}],"twitter_card":"summary_large_image","twitter_misc":{"Dur\u00e9e de lecture estim\u00e9e":"4 minutes"},"schema":{"@context":"https:\/\/schema.org","@graph":[{"@type":"WebPage","@id":"https:\/\/www.valentesecurystar.com\/index.php\/securystar-accueil\/nos-produits\/serrures-2\/","url":"https:\/\/www.valentesecurystar.com\/index.php\/securystar-accueil\/nos-produits\/serrures-2\/","name":"Serrures - Securystar","isPartOf":{"@id":"https:\/\/www.valentesecurystar.com\/#website"},"primaryImageOfPage":{"@id":"https:\/\/www.valentesecurystar.com\/index.php\/securystar-accueil\/nos-produits\/serrures-2\/#primaryimage"},"image":{"@id":"https:\/\/www.valentesecurystar.com\/index.php\/securystar-accueil\/nos-produits\/serrures-2\/#primaryimage"},"thumbnailUrl":"https:\/\/constructionvalentesecurite.fr\/wp-content\/uploads\/2020\/08\/LOGO-FABRIQUE-EN-FRANCE-300x300.png","datePublished":"2020-08-10T07:52:44+00:00","dateModified":"2024-11-04T14:44:11+00:00","description":"Serrures de 3 \u00e0 12 points VALENTE\u00a9 SECURYSTAR\u00a9 - Serrures haute resistance certifi\u00e9es A2P* et\/ou A2P***. Serrures multi-points haut et bas.","breadcrumb":{"@id":"https:\/\/www.valentesecurystar.com\/index.php\/securystar-accueil\/nos-produits\/serrures-2\/#breadcrumb"},"inLanguage":"fr-FR","potentialAction":[{"@type":"ReadAction","target":["https:\/\/www.valentesecurystar.com\/index.php\/securystar-accueil\/nos-produits\/serrures-2\/"]}]},{"@type":"ImageObject","inLanguage":"fr-FR","@id":"https:\/\/www.valentesecurystar.com\/index.php\/securystar-accueil\/nos-produits\/serrures-2\/#primaryimage","url":"https:\/\/constructionvalentesecurite.fr\/wp-content\/uploads\/2020\/08\/LOGO-FABRIQUE-EN-FRANCE-300x300.png","contentUrl":"https:\/\/constructionvalentesecurite.fr\/wp-content\/uploads\/2020\/08\/LOGO-FABRIQUE-EN-FRANCE-300x300.png"},{"@type":"BreadcrumbList","@id":"https:\/\/www.valentesecurystar.com\/index.php\/securystar-accueil\/nos-produits\/serrures-2\/#breadcrumb","itemListElement":[{"@type":"ListItem","position":1,"name":"Home","item":"https:\/\/www.valentesecurystar.com\/"},{"@type":"ListItem","position":2,"name":"Accueil","item":"https:\/\/www.valentesecurystar.com\/"},{"@type":"ListItem","position":3,"name":"Nos produits","item":"https:\/\/www.valentesecurystar.com\/index.php\/securystar-accueil\/nos-produits\/"},{"@type":"ListItem","position":4,"name":"Serrures"}]},{"@type":"WebSite","@id":"https:\/\/www.valentesecurystar.com\/#website","url":"https:\/\/www.valentesecurystar.com\/","name":"Securystar","description":"Invent\u00e9e pour prot\u00e9ger","publisher":{"@id":"https:\/\/www.valentesecurystar.com\/#organization"},"potentialAction":[{"@type":"SearchAction","target":{"@type":"EntryPoint","urlTemplate":"https:\/\/www.valentesecurystar.com\/?s={search_term_string}"},"query-input":{"@type":"PropertyValueSpecification","valueRequired":true,"valueName":"search_term_string"}}],"inLanguage":"fr-FR"},{"@type":"Organization","@id":"https:\/\/www.valentesecurystar.com\/#organization","name":"Valente Securystar","url":"https:\/\/www.valentesecurystar.com\/","logo":{"@type":"ImageObject","inLanguage":"fr-FR","@id":"https:\/\/www.valentesecurystar.com\/#\/schema\/logo\/image\/","url":"https:\/\/www.valentesecurystar.com\/wp-content\/uploads\/2020\/08\/Triangle-logo-VALENTE-SECURYSTAR-customise.png","contentUrl":"https:\/\/www.valentesecurystar.com\/wp-content\/uploads\/2020\/08\/Triangle-logo-VALENTE-SECURYSTAR-customise.png","width":395,"height":379,"caption":"Valente Securystar"},"image":{"@id":"https:\/\/www.valentesecurystar.com\/#\/schema\/logo\/image\/"},"sameAs":["https:\/\/www.facebook.com\/ValenteSecurystar","https:\/\/www.instagram.com\/valente_securite\/","https:\/\/www.linkedin.com\/company\/securystar","https:\/\/www.youtube.com\/channel\/UC_Q5XzLaGfWe65BLjIpAwuw"]}]}},"jetpack_sharing_enabled":true,"jetpack_likes_enabled":true,"jetpack_shortlink":"https:\/\/wp.me\/PcmrIw-36","_links":{"self":[{"href":"https:\/\/www.valentesecurystar.com\/index.php\/wp-json\/wp\/v2\/pages\/192","targetHints":{"allow":["GET"]}}],"collection":[{"href":"https:\/\/www.valentesecurystar.com\/index.php\/wp-json\/wp\/v2\/pages"}],"about":[{"href":"https:\/\/www.valentesecurystar.com\/index.php\/wp-json\/wp\/v2\/types\/page"}],"author":[{"embeddable":true,"href":"https:\/\/www.valentesecurystar.com\/index.php\/wp-json\/wp\/v2\/users\/1"}],"replies":[{"embeddable":true,"href":"https:\/\/www.valentesecurystar.com\/index.php\/wp-json\/wp\/v2\/comments?post=192"}],"version-history":[{"count":2,"href":"https:\/\/www.valentesecurystar.com\/index.php\/wp-json\/wp\/v2\/pages\/192\/revisions"}],"predecessor-version":[{"id":7828,"href":"https:\/\/www.valentesecurystar.com\/index.php\/wp-json\/wp\/v2\/pages\/192\/revisions\/7828"}],"up":[{"embeddable":true,"href":"https:\/\/www.valentesecurystar.com\/index.php\/wp-json\/wp\/v2\/pages\/61"}],"wp:attachment":[{"href":"https:\/\/www.valentesecurystar.com\/index.php\/wp-json\/wp\/v2\/media?parent=192"}],"curies":[{"name":"wp","href":"https:\/\/api.w.org\/{rel}","templated":true}]}}