{"id":210,"date":"2020-08-10T09:57:02","date_gmt":"2020-08-10T07:57:02","guid":{"rendered":"http:\/\/constrb.cluster028.hosting.ovh.net\/vm264348-ovh\/?page_id=210"},"modified":"2024-11-04T15:37:52","modified_gmt":"2024-11-04T14:37:52","slug":"cave","status":"publish","type":"page","link":"https:\/\/www.valentesecurystar.com\/index.php\/securystar-accueil\/nos-produits\/portes-blindees-blocs-portes-blindage-de-porte\/cave\/","title":{"rendered":"Cave"},"content":{"rendered":"\n\n\t\t\t<a href=\"https:\/\/www.valentesecurystar.com\/index.php\/nos-produits\/portes-blindees-blocs-portes-blindage-de-porte\/super-blindage-copropriete\/\" target=\"_self\" role=\"button\" rel=\"noopener\">\n\t\t\t\t\t\t\tsuper blindagecopropri\u00e9t\u00e9\n\t\t\t\t\t<\/a>\n\t\t\t<a href=\"https:\/\/www.valentesecurystar.com\/index.php\/nos-produits\/portes-blindees-blocs-portes-blindage-de-porte\/appartement-et-pavillonnaire\/\" target=\"_self\" role=\"button\" rel=\"noopener\">\n\t\t\t\t\t\t\tappartement et pavillonaire\n\t\t\t\t\t<\/a>\n\t\t\t<a href=\"https:\/\/www.valentesecurystar.com\/index.php\/nos-produits\/portes-blindees-blocs-portes-blindage-de-porte\/vitre\/\" target=\"_self\" role=\"button\" rel=\"noopener\">\n\t\t\t\t\t\t\tvitr\u00e9\n\t\t\t\t\t<\/a>\n\t\t\t<a href=\"https:\/\/www.valentesecurystar.com\/index.php\/nos-produits\/portes-blindees-blocs-portes-blindage-de-porte\/feu\/\" target=\"_self\" role=\"button\" rel=\"noopener\">\n\t\t\t\t\t\t\tcoupe-feu et pare-flamme\n\t\t\t\t\t<\/a>\n\t\t\t<a href=\"https:\/\/www.valentesecurystar.com\/index.php\/nos-produits\/portes-blindees-blocs-portes-blindage-de-porte\/multi-usage-technique-et-issue-de-secours\/\" target=\"_self\" role=\"button\" rel=\"noopener\">\n\t\t\t\t\t\t\tMulti-usage\n\t\t\t\t\t<\/a>\n\t\t\t<a href=\"https:\/\/www.valentesecurystar.com\/index.php\/nos-produits\/portes-blindees-blocs-portes-blindage-de-porte\/cave\/\" target=\"_self\" role=\"button\" rel=\"noopener\">\n\t\t\t\t\t\t\tcave\n\t\t\t\t\t<\/a>\n\t\t<h3>Consulter le catalogue<\/h3>\n\t\t<p>Op\u00e9ration prix bas<\/p>\n\t\t\t<a href=\"https:\/\/www.valentesecurystar.com\/index.php\/2021\/05\/04\/catalogue-operation-prix-bas\/\" target=\"_blank\" role=\"button\" rel=\"noopener\">\n\t\t\t\t\t\t\tOuvrir\n\t\t\t\t\t<\/a>\n\t<h2>Portes blind\u00e9es de cave<\/h2>\n\t<p>Porte certifi\u00e9e<img data-recalc-dims=\"1\" decoding=\"async\" src=\"https:\/\/i0.wp.com\/www.valentesecurystar.com\/wp-content\/uploads\/2020\/08\/A2P-BP1.png?ssl=1\" alt=\"\" \/>ou<img data-recalc-dims=\"1\" decoding=\"async\" src=\"https:\/\/i0.wp.com\/www.valentesecurystar.com\/wp-content\/uploads\/2020\/08\/A2P-BP3.png?ssl=1\" alt=\"\" \/><\/p>\n\t<p>Serrure<img data-recalc-dims=\"1\" decoding=\"async\" src=\"https:\/\/i0.wp.com\/www.valentesecurystar.com\/wp-content\/uploads\/2020\/08\/A2P_3etoiles.png?ssl=1\" alt=\"\" \/><\/p>\n\t<p>Demander votre devis<\/p>\n\t\n<div class=\"wpcf7 no-js\" id=\"wpcf7-f5230-o1\" lang=\"fr-FR\" dir=\"ltr\" data-wpcf7-id=\"5230\">\n<div class=\"screen-reader-response\"><p role=\"status\" aria-live=\"polite\" aria-atomic=\"true\"><\/p> <ul><\/ul><\/div>\n<form action=\"\/index.php\/wp-json\/wp\/v2\/pages\/210#wpcf7-f5230-o1\" method=\"post\" class=\"wpcf7-form init\" aria-label=\"Formulaire de contact\" novalidate=\"novalidate\" data-status=\"init\">\n<fieldset class=\"hidden-fields-container\"><input type=\"hidden\" name=\"_wpcf7\" value=\"5230\" \/><input type=\"hidden\" name=\"_wpcf7_version\" value=\"6.1.5\" \/><input type=\"hidden\" name=\"_wpcf7_locale\" value=\"fr_FR\" \/><input type=\"hidden\" name=\"_wpcf7_unit_tag\" value=\"wpcf7-f5230-o1\" \/><input type=\"hidden\" name=\"_wpcf7_container_post\" value=\"0\" \/><input type=\"hidden\" name=\"_wpcf7_posted_data_hash\" value=\"\" \/><input type=\"hidden\" name=\"_wpcf7_recaptcha_response\" value=\"\" \/>\n<\/fieldset>\n<p style=\"font-size:12px; color:black;\">Tous les champs sont obligatoires:\n<\/p>\n<div style=\"width:50%; margin:auto;\">\n\t<div>\n\t\t<p><label><span class=\"wpcf7-form-control-wrap\" data-name=\"Nom\"><input size=\"40\" maxlength=\"400\" class=\"wpcf7-form-control wpcf7-text wpcf7-validates-as-required\" aria-required=\"true\" aria-invalid=\"false\" placeholder=\"Nom*\" value=\"\" type=\"text\" name=\"Nom\" \/><\/span><\/label><br \/>\n<label><span class=\"wpcf7-form-control-wrap\" data-name=\"NomSoc\"><input size=\"40\" maxlength=\"400\" class=\"wpcf7-form-control wpcf7-text wpcf7-validates-as-required\" aria-required=\"true\" aria-invalid=\"false\" placeholder=\"Nom entreprise*\" value=\"\" type=\"text\" name=\"NomSoc\" \/><\/span><\/label><br \/>\n<label><span class=\"wpcf7-form-control-wrap\" data-name=\"numSiret\"><input size=\"40\" maxlength=\"400\" class=\"wpcf7-form-control wpcf7-text wpcf7-validates-as-required\" aria-required=\"true\" aria-invalid=\"false\" placeholder=\"Num\u00e9ro SIRET\/SIREN\" value=\"\" type=\"text\" name=\"numSiret\" \/><\/span><\/label><br \/>\n<label><span class=\"wpcf7-form-control-wrap\" data-name=\"Mail\"><input size=\"40\" maxlength=\"400\" class=\"wpcf7-form-control wpcf7-email wpcf7-validates-as-required wpcf7-text wpcf7-validates-as-email\" aria-required=\"true\" aria-invalid=\"false\" placeholder=\"email*\" value=\"\" type=\"email\" name=\"Mail\" \/><\/span><\/label><br \/>\n<label><span class=\"wpcf7-form-control-wrap\" data-name=\"TEL\"><input size=\"40\" maxlength=\"400\" class=\"wpcf7-form-control wpcf7-tel wpcf7-validates-as-required wpcf7-text wpcf7-validates-as-tel\" aria-required=\"true\" aria-invalid=\"false\" placeholder=\"N\u00b0 de t\u00e9l\u00e9phone*\" value=\"\" type=\"tel\" name=\"TEL\" \/><\/span><\/label><br \/>\n<label><span class=\"wpcf7-form-control-wrap\" data-name=\"Adresse\"><input size=\"40\" maxlength=\"400\" class=\"wpcf7-form-control wpcf7-text wpcf7-validates-as-required\" aria-required=\"true\" aria-invalid=\"false\" placeholder=\"Adresse*\" value=\"\" type=\"text\" name=\"Adresse\" \/><\/span><\/label><br \/>\n<label><span class=\"wpcf7-form-control-wrap\" data-name=\"Codepostal\"><input size=\"40\" maxlength=\"400\" class=\"wpcf7-form-control wpcf7-text wpcf7-validates-as-required\" aria-required=\"true\" aria-invalid=\"false\" placeholder=\"Code postal*\" value=\"\" type=\"text\" name=\"Codepostal\" \/><\/span><\/label><br \/>\n<label><span class=\"wpcf7-form-control-wrap\" data-name=\"Ville\"><input size=\"40\" maxlength=\"400\" class=\"wpcf7-form-control wpcf7-text wpcf7-validates-as-required\" aria-required=\"true\" aria-invalid=\"false\" placeholder=\"Ville*\" value=\"\" type=\"text\" name=\"Ville\" \/><\/span><\/label>\n\t\t<\/p>\n\t\t<p><span class=\"wpcf7-form-control-wrap\" data-name=\"Message\"><textarea cols=\"40\" rows=\"10\" maxlength=\"2000\" class=\"wpcf7-form-control wpcf7-textarea\" aria-invalid=\"false\" placeholder=\"D\u00e9crivez nous votre projet, en pr\u00e9cisant le plus de d\u00e9tails possible.\" name=\"Message\"><\/textarea><\/span>\n\t\t<\/p>\n\t<\/div>\n\t<p><span class=\"wpcf7-form-control-wrap\" data-name=\"acceptance-748\"><span class=\"wpcf7-form-control wpcf7-acceptance\"><span class=\"wpcf7-list-item\"><label><input type=\"checkbox\" name=\"acceptance-748\" value=\"1\" aria-invalid=\"false\" \/><span class=\"wpcf7-list-item-label\">En cochant cette case vous acceptez notre politique de confidentialit\u00e9*<\/span><\/label><\/span><\/span><\/span><br \/>\n<input class=\"wpcf7-form-control wpcf7-submit has-spinner\" type=\"submit\" value=\"Envoyer\" \/>\n\t<\/p>\n<\/div><p style=\"display: none !important;\" class=\"akismet-fields-container\" data-prefix=\"_wpcf7_ak_\"><label>&#916;<textarea name=\"_wpcf7_ak_hp_textarea\" cols=\"45\" rows=\"8\" maxlength=\"100\"><\/textarea><\/label><input type=\"hidden\" id=\"ak_js_1\" name=\"_wpcf7_ak_js\" value=\"28\"\/><script>document.getElementById( \"ak_js_1\" ).setAttribute( \"value\", ( new Date() ).getTime() );<\/script><\/p><div class=\"wpcf7-response-output\" aria-hidden=\"true\"><\/div>\n<\/form>\n<\/div>\n\n\n","protected":false},"excerpt":{"rendered":"<p>super blindagecopropri\u00e9t\u00e9 appartement et pavillonaire vitr\u00e9 coupe-feu et pare-flamme Multi-usage cave Consulter le catalogue Op\u00e9ration prix bas Ouvrir Portes blind\u00e9es de cave Porte certifi\u00e9eou Serrure Demander votre devis<\/p>\n","protected":false},"author":1,"featured_media":0,"parent":190,"menu_order":0,"comment_status":"closed","ping_status":"closed","template":"","meta":{"footnotes":""},"class_list":["post-210","page","type-page","status-publish","hentry"],"yoast_head":"<!-- This site is optimized with the Yoast SEO plugin v27.4 - https:\/\/yoast.com\/product\/yoast-seo-wordpress\/ -->\n<title>Cave - Securystar<\/title>\n<meta name=\"description\" content=\"La plus haute certification d&#039;Europe. Portes blind\u00e9es Serrures Cylindres et cl\u00e9s Menuiserie acier Contr\u00f4le d&#039;acc\u00e8s \u00e9lectromagn\u00e9tique\" \/>\n<meta name=\"robots\" content=\"index, follow, max-snippet:-1, max-image-preview:large, max-video-preview:-1\" \/>\n<link rel=\"canonical\" href=\"https:\/\/www.valentesecurystar.com\/index.php\/securystar-accueil\/nos-produits\/portes-blindees-blocs-portes-blindage-de-porte\/cave\/\" \/>\n<meta property=\"og:locale\" content=\"fr_FR\" \/>\n<meta property=\"og:type\" content=\"article\" \/>\n<meta property=\"og:title\" content=\"Cave - Securystar\" \/>\n<meta property=\"og:description\" content=\"La plus haute certification d&#039;Europe. Portes blind\u00e9es Serrures Cylindres et cl\u00e9s Menuiserie acier Contr\u00f4le d&#039;acc\u00e8s \u00e9lectromagn\u00e9tique\" \/>\n<meta property=\"og:url\" content=\"https:\/\/www.valentesecurystar.com\/index.php\/securystar-accueil\/nos-produits\/portes-blindees-blocs-portes-blindage-de-porte\/cave\/\" \/>\n<meta property=\"og:site_name\" content=\"Securystar\" \/>\n<meta property=\"article:publisher\" content=\"https:\/\/www.facebook.com\/ValenteSecurystar\" \/>\n<meta property=\"article:modified_time\" content=\"2024-11-04T14:37:52+00:00\" \/>\n<meta property=\"og:image\" content=\"https:\/\/www.valentesecurystar.com\/wp-content\/uploads\/2020\/08\/A2P-BP1.png\" \/>\n<meta name=\"twitter:card\" content=\"summary_large_image\" \/>\n<meta name=\"twitter:label1\" content=\"Dur\u00e9e de lecture estim\u00e9e\" \/>\n\t<meta name=\"twitter:data1\" content=\"5 minutes\" \/>\n<script type=\"application\/ld+json\" class=\"yoast-schema-graph\">{\"@context\":\"https:\\\/\\\/schema.org\",\"@graph\":[{\"@type\":\"WebPage\",\"@id\":\"https:\\\/\\\/www.valentesecurystar.com\\\/index.php\\\/securystar-accueil\\\/nos-produits\\\/portes-blindees-blocs-portes-blindage-de-porte\\\/cave\\\/\",\"url\":\"https:\\\/\\\/www.valentesecurystar.com\\\/index.php\\\/securystar-accueil\\\/nos-produits\\\/portes-blindees-blocs-portes-blindage-de-porte\\\/cave\\\/\",\"name\":\"Cave - Securystar\",\"isPartOf\":{\"@id\":\"https:\\\/\\\/www.valentesecurystar.com\\\/#website\"},\"primaryImageOfPage\":{\"@id\":\"https:\\\/\\\/www.valentesecurystar.com\\\/index.php\\\/securystar-accueil\\\/nos-produits\\\/portes-blindees-blocs-portes-blindage-de-porte\\\/cave\\\/#primaryimage\"},\"image\":{\"@id\":\"https:\\\/\\\/www.valentesecurystar.com\\\/index.php\\\/securystar-accueil\\\/nos-produits\\\/portes-blindees-blocs-portes-blindage-de-porte\\\/cave\\\/#primaryimage\"},\"thumbnailUrl\":\"https:\\\/\\\/www.valentesecurystar.com\\\/wp-content\\\/uploads\\\/2020\\\/08\\\/A2P-BP1.png\",\"datePublished\":\"2020-08-10T07:57:02+00:00\",\"dateModified\":\"2024-11-04T14:37:52+00:00\",\"description\":\"La plus haute certification d'Europe. Portes blind\u00e9es Serrures Cylindres et cl\u00e9s Menuiserie acier Contr\u00f4le d'acc\u00e8s \u00e9lectromagn\u00e9tique\",\"breadcrumb\":{\"@id\":\"https:\\\/\\\/www.valentesecurystar.com\\\/index.php\\\/securystar-accueil\\\/nos-produits\\\/portes-blindees-blocs-portes-blindage-de-porte\\\/cave\\\/#breadcrumb\"},\"inLanguage\":\"fr-FR\",\"potentialAction\":[{\"@type\":\"ReadAction\",\"target\":[\"https:\\\/\\\/www.valentesecurystar.com\\\/index.php\\\/securystar-accueil\\\/nos-produits\\\/portes-blindees-blocs-portes-blindage-de-porte\\\/cave\\\/\"]}]},{\"@type\":\"ImageObject\",\"inLanguage\":\"fr-FR\",\"@id\":\"https:\\\/\\\/www.valentesecurystar.com\\\/index.php\\\/securystar-accueil\\\/nos-produits\\\/portes-blindees-blocs-portes-blindage-de-porte\\\/cave\\\/#primaryimage\",\"url\":\"https:\\\/\\\/i0.wp.com\\\/www.valentesecurystar.com\\\/wp-content\\\/uploads\\\/2020\\\/08\\\/A2P-BP1.png?fit=283%2C100&ssl=1\",\"contentUrl\":\"https:\\\/\\\/i0.wp.com\\\/www.valentesecurystar.com\\\/wp-content\\\/uploads\\\/2020\\\/08\\\/A2P-BP1.png?fit=283%2C100&ssl=1\",\"width\":283,\"height\":100,\"caption\":\"A2P BP1\"},{\"@type\":\"BreadcrumbList\",\"@id\":\"https:\\\/\\\/www.valentesecurystar.com\\\/index.php\\\/securystar-accueil\\\/nos-produits\\\/portes-blindees-blocs-portes-blindage-de-porte\\\/cave\\\/#breadcrumb\",\"itemListElement\":[{\"@type\":\"ListItem\",\"position\":1,\"name\":\"Home\",\"item\":\"https:\\\/\\\/www.valentesecurystar.com\\\/\"},{\"@type\":\"ListItem\",\"position\":2,\"name\":\"Accueil\",\"item\":\"https:\\\/\\\/www.valentesecurystar.com\\\/\"},{\"@type\":\"ListItem\",\"position\":3,\"name\":\"Nos produits\",\"item\":\"https:\\\/\\\/www.valentesecurystar.com\\\/index.php\\\/securystar-accueil\\\/nos-produits\\\/\"},{\"@type\":\"ListItem\",\"position\":4,\"name\":\"Portes Blind\u00e9es\",\"item\":\"https:\\\/\\\/www.valentesecurystar.com\\\/index.php\\\/securystar-accueil\\\/nos-produits\\\/portes-blindees-blocs-portes-blindage-de-porte\\\/\"},{\"@type\":\"ListItem\",\"position\":5,\"name\":\"Cave\"}]},{\"@type\":\"WebSite\",\"@id\":\"https:\\\/\\\/www.valentesecurystar.com\\\/#website\",\"url\":\"https:\\\/\\\/www.valentesecurystar.com\\\/\",\"name\":\"Securystar\",\"description\":\"Invent\u00e9e pour prot\u00e9ger\",\"publisher\":{\"@id\":\"https:\\\/\\\/www.valentesecurystar.com\\\/#organization\"},\"potentialAction\":[{\"@type\":\"SearchAction\",\"target\":{\"@type\":\"EntryPoint\",\"urlTemplate\":\"https:\\\/\\\/www.valentesecurystar.com\\\/?s={search_term_string}\"},\"query-input\":{\"@type\":\"PropertyValueSpecification\",\"valueRequired\":true,\"valueName\":\"search_term_string\"}}],\"inLanguage\":\"fr-FR\"},{\"@type\":\"Organization\",\"@id\":\"https:\\\/\\\/www.valentesecurystar.com\\\/#organization\",\"name\":\"Valente Securystar\",\"url\":\"https:\\\/\\\/www.valentesecurystar.com\\\/\",\"logo\":{\"@type\":\"ImageObject\",\"inLanguage\":\"fr-FR\",\"@id\":\"https:\\\/\\\/www.valentesecurystar.com\\\/#\\\/schema\\\/logo\\\/image\\\/\",\"url\":\"https:\\\/\\\/www.valentesecurystar.com\\\/wp-content\\\/uploads\\\/2020\\\/08\\\/Triangle-logo-VALENTE-SECURYSTAR-customise.png\",\"contentUrl\":\"https:\\\/\\\/www.valentesecurystar.com\\\/wp-content\\\/uploads\\\/2020\\\/08\\\/Triangle-logo-VALENTE-SECURYSTAR-customise.png\",\"width\":395,\"height\":379,\"caption\":\"Valente Securystar\"},\"image\":{\"@id\":\"https:\\\/\\\/www.valentesecurystar.com\\\/#\\\/schema\\\/logo\\\/image\\\/\"},\"sameAs\":[\"https:\\\/\\\/www.facebook.com\\\/ValenteSecurystar\",\"https:\\\/\\\/www.instagram.com\\\/valente_securite\\\/\",\"https:\\\/\\\/www.linkedin.com\\\/company\\\/securystar\",\"https:\\\/\\\/www.youtube.com\\\/channel\\\/UC_Q5XzLaGfWe65BLjIpAwuw\"]}]}<\/script>\n<!-- \/ Yoast SEO plugin. -->","yoast_head_json":{"title":"Cave - Securystar","description":"La plus haute certification d'Europe. Portes blind\u00e9es Serrures Cylindres et cl\u00e9s Menuiserie acier Contr\u00f4le d'acc\u00e8s \u00e9lectromagn\u00e9tique","robots":{"index":"index","follow":"follow","max-snippet":"max-snippet:-1","max-image-preview":"max-image-preview:large","max-video-preview":"max-video-preview:-1"},"canonical":"https:\/\/www.valentesecurystar.com\/index.php\/securystar-accueil\/nos-produits\/portes-blindees-blocs-portes-blindage-de-porte\/cave\/","og_locale":"fr_FR","og_type":"article","og_title":"Cave - Securystar","og_description":"La plus haute certification d'Europe. Portes blind\u00e9es Serrures Cylindres et cl\u00e9s Menuiserie acier Contr\u00f4le d'acc\u00e8s \u00e9lectromagn\u00e9tique","og_url":"https:\/\/www.valentesecurystar.com\/index.php\/securystar-accueil\/nos-produits\/portes-blindees-blocs-portes-blindage-de-porte\/cave\/","og_site_name":"Securystar","article_publisher":"https:\/\/www.facebook.com\/ValenteSecurystar","article_modified_time":"2024-11-04T14:37:52+00:00","og_image":[{"url":"https:\/\/www.valentesecurystar.com\/wp-content\/uploads\/2020\/08\/A2P-BP1.png","type":"","width":"","height":""}],"twitter_card":"summary_large_image","twitter_misc":{"Dur\u00e9e de lecture estim\u00e9e":"5 minutes"},"schema":{"@context":"https:\/\/schema.org","@graph":[{"@type":"WebPage","@id":"https:\/\/www.valentesecurystar.com\/index.php\/securystar-accueil\/nos-produits\/portes-blindees-blocs-portes-blindage-de-porte\/cave\/","url":"https:\/\/www.valentesecurystar.com\/index.php\/securystar-accueil\/nos-produits\/portes-blindees-blocs-portes-blindage-de-porte\/cave\/","name":"Cave - Securystar","isPartOf":{"@id":"https:\/\/www.valentesecurystar.com\/#website"},"primaryImageOfPage":{"@id":"https:\/\/www.valentesecurystar.com\/index.php\/securystar-accueil\/nos-produits\/portes-blindees-blocs-portes-blindage-de-porte\/cave\/#primaryimage"},"image":{"@id":"https:\/\/www.valentesecurystar.com\/index.php\/securystar-accueil\/nos-produits\/portes-blindees-blocs-portes-blindage-de-porte\/cave\/#primaryimage"},"thumbnailUrl":"https:\/\/www.valentesecurystar.com\/wp-content\/uploads\/2020\/08\/A2P-BP1.png","datePublished":"2020-08-10T07:57:02+00:00","dateModified":"2024-11-04T14:37:52+00:00","description":"La plus haute certification d'Europe. Portes blind\u00e9es Serrures Cylindres et cl\u00e9s Menuiserie acier Contr\u00f4le d'acc\u00e8s \u00e9lectromagn\u00e9tique","breadcrumb":{"@id":"https:\/\/www.valentesecurystar.com\/index.php\/securystar-accueil\/nos-produits\/portes-blindees-blocs-portes-blindage-de-porte\/cave\/#breadcrumb"},"inLanguage":"fr-FR","potentialAction":[{"@type":"ReadAction","target":["https:\/\/www.valentesecurystar.com\/index.php\/securystar-accueil\/nos-produits\/portes-blindees-blocs-portes-blindage-de-porte\/cave\/"]}]},{"@type":"ImageObject","inLanguage":"fr-FR","@id":"https:\/\/www.valentesecurystar.com\/index.php\/securystar-accueil\/nos-produits\/portes-blindees-blocs-portes-blindage-de-porte\/cave\/#primaryimage","url":"https:\/\/i0.wp.com\/www.valentesecurystar.com\/wp-content\/uploads\/2020\/08\/A2P-BP1.png?fit=283%2C100&ssl=1","contentUrl":"https:\/\/i0.wp.com\/www.valentesecurystar.com\/wp-content\/uploads\/2020\/08\/A2P-BP1.png?fit=283%2C100&ssl=1","width":283,"height":100,"caption":"A2P BP1"},{"@type":"BreadcrumbList","@id":"https:\/\/www.valentesecurystar.com\/index.php\/securystar-accueil\/nos-produits\/portes-blindees-blocs-portes-blindage-de-porte\/cave\/#breadcrumb","itemListElement":[{"@type":"ListItem","position":1,"name":"Home","item":"https:\/\/www.valentesecurystar.com\/"},{"@type":"ListItem","position":2,"name":"Accueil","item":"https:\/\/www.valentesecurystar.com\/"},{"@type":"ListItem","position":3,"name":"Nos produits","item":"https:\/\/www.valentesecurystar.com\/index.php\/securystar-accueil\/nos-produits\/"},{"@type":"ListItem","position":4,"name":"Portes Blind\u00e9es","item":"https:\/\/www.valentesecurystar.com\/index.php\/securystar-accueil\/nos-produits\/portes-blindees-blocs-portes-blindage-de-porte\/"},{"@type":"ListItem","position":5,"name":"Cave"}]},{"@type":"WebSite","@id":"https:\/\/www.valentesecurystar.com\/#website","url":"https:\/\/www.valentesecurystar.com\/","name":"Securystar","description":"Invent\u00e9e pour prot\u00e9ger","publisher":{"@id":"https:\/\/www.valentesecurystar.com\/#organization"},"potentialAction":[{"@type":"SearchAction","target":{"@type":"EntryPoint","urlTemplate":"https:\/\/www.valentesecurystar.com\/?s={search_term_string}"},"query-input":{"@type":"PropertyValueSpecification","valueRequired":true,"valueName":"search_term_string"}}],"inLanguage":"fr-FR"},{"@type":"Organization","@id":"https:\/\/www.valentesecurystar.com\/#organization","name":"Valente Securystar","url":"https:\/\/www.valentesecurystar.com\/","logo":{"@type":"ImageObject","inLanguage":"fr-FR","@id":"https:\/\/www.valentesecurystar.com\/#\/schema\/logo\/image\/","url":"https:\/\/www.valentesecurystar.com\/wp-content\/uploads\/2020\/08\/Triangle-logo-VALENTE-SECURYSTAR-customise.png","contentUrl":"https:\/\/www.valentesecurystar.com\/wp-content\/uploads\/2020\/08\/Triangle-logo-VALENTE-SECURYSTAR-customise.png","width":395,"height":379,"caption":"Valente Securystar"},"image":{"@id":"https:\/\/www.valentesecurystar.com\/#\/schema\/logo\/image\/"},"sameAs":["https:\/\/www.facebook.com\/ValenteSecurystar","https:\/\/www.instagram.com\/valente_securite\/","https:\/\/www.linkedin.com\/company\/securystar","https:\/\/www.youtube.com\/channel\/UC_Q5XzLaGfWe65BLjIpAwuw"]}]}},"jetpack_sharing_enabled":true,"jetpack_likes_enabled":true,"jetpack_shortlink":"https:\/\/wp.me\/PcmrIw-3o","_links":{"self":[{"href":"https:\/\/www.valentesecurystar.com\/index.php\/wp-json\/wp\/v2\/pages\/210","targetHints":{"allow":["GET"]}}],"collection":[{"href":"https:\/\/www.valentesecurystar.com\/index.php\/wp-json\/wp\/v2\/pages"}],"about":[{"href":"https:\/\/www.valentesecurystar.com\/index.php\/wp-json\/wp\/v2\/types\/page"}],"author":[{"embeddable":true,"href":"https:\/\/www.valentesecurystar.com\/index.php\/wp-json\/wp\/v2\/users\/1"}],"replies":[{"embeddable":true,"href":"https:\/\/www.valentesecurystar.com\/index.php\/wp-json\/wp\/v2\/comments?post=210"}],"version-history":[{"count":2,"href":"https:\/\/www.valentesecurystar.com\/index.php\/wp-json\/wp\/v2\/pages\/210\/revisions"}],"predecessor-version":[{"id":7823,"href":"https:\/\/www.valentesecurystar.com\/index.php\/wp-json\/wp\/v2\/pages\/210\/revisions\/7823"}],"up":[{"embeddable":true,"href":"https:\/\/www.valentesecurystar.com\/index.php\/wp-json\/wp\/v2\/pages\/190"}],"wp:attachment":[{"href":"https:\/\/www.valentesecurystar.com\/index.php\/wp-json\/wp\/v2\/media?parent=210"}],"curies":[{"name":"wp","href":"https:\/\/api.w.org\/{rel}","templated":true}]}}