{"id":4785,"date":"2020-12-16T10:06:45","date_gmt":"2020-12-16T09:06:45","guid":{"rendered":"https:\/\/constructionvalentesecurite.fr\/index.php\/password-reset\/"},"modified":"2020-12-16T10:06:45","modified_gmt":"2020-12-16T09:06:45","slug":"password-reset","status":"publish","type":"page","link":"https:\/\/www.valentesecurystar.com\/index.php\/password-reset\/","title":{"rendered":"R\u00e9initialisation du mot de passe"},"content":{"rendered":"<div class=\"um um-password um-um_password_id\">\n\t<div class=\"um-form\">\n\t\t<form method=\"post\" action=\"\">\n\t\t\t\n\t\t\t\t<input type=\"hidden\" name=\"_um_password_reset\" id=\"_um_password_reset\" value=\"1\" \/>\n\n\t\t\t\t\t\t\t\t\t<div class=\"um-field um-field-block um-field-type_block\">\n\t\t\t\t\t\t<div class=\"um-field-block\">\n\t\t\t\t\t\t\t<div style=\"text-align:center;\">\n\t\t\t\t\t\t\t\tPour r\u00e9initialiser votre mot de passe, veuillez saisir votre adresse de messagerie ou votre identifiant ci-dessous.\t\t\t\t\t\t\t<\/div>\n\t\t\t\t\t\t<\/div>\n\t\t\t\t\t<\/div>\n\t\t\t\t\t<div  id=\"um_field_0_username_b\" class=\"um-field um-field-text  um-field-username_b um-field-text um-field-type_text\" data-key=\"username_b\"><div class=\"um-field-area\"><input  autocomplete=\"off\" class=\"um-form-field valid \" type=\"text\" name=\"username_b\" id=\"username_b\" value=\"\" placeholder=\"Saisissez votre identifiant ou votre e-mail\" data-validate=\"\" data-key=\"username_b\"  aria-invalid=\"false\" \/>\n\n\t\t\t\t\t\t<\/div><\/div>\t\t\t\t<div class=\"um-col-alt um-col-alt-b\">\n\t\t\t\t\t<div class=\"um-center\">\n\t\t\t\t\t\t<input type=\"submit\" value=\"R\u00e9initialiser le mot de passe\" class=\"um-button\" id=\"um-submit-btn\" \/>\n\t\t\t\t\t<\/div>\n\t\t\t\t\t<div class=\"um-clear\"><\/div>\n\t\t\t\t<\/div>\n\t\t\t\t\t<input type=\"hidden\" name=\"form_id\" id=\"form_id_um_password_id\" value=\"um_password_id\" \/>\n\t\t<p class=\"um_request_name\">\n\t\t<label for=\"um_request_um_password_id\">Only fill in if you are not human<\/label>\n\t\t<input type=\"hidden\" name=\"um_request\" id=\"um_request_um_password_id\" class=\"input\" value=\"\" size=\"25\" autocomplete=\"off\" \/>\n\t<\/p>\n\t\t\t<\/form>\n\t<\/div>\n<\/div>\n<style>\n\t\t\t.um-um_password_id.um {\n\t\t\tmax-width: 450px;\n\t\t}\n\t\t<\/style>\n\n","protected":false},"excerpt":{"rendered":"","protected":false},"author":1,"featured_media":0,"parent":0,"menu_order":0,"comment_status":"closed","ping_status":"closed","template":"","meta":{"footnotes":""},"class_list":["post-4785","page","type-page","status-publish","hentry"],"yoast_head":"<!-- This site is optimized with the Yoast SEO plugin v27.4 - https:\/\/yoast.com\/product\/yoast-seo-wordpress\/ -->\n<title>R\u00e9initialisation du mot de passe - Securystar<\/title>\n<meta name=\"description\" content=\"La plus haute certification d&#039;Europe. Portes blind\u00e9es Serrures Cylindres et cl\u00e9s Menuiserie acier Contr\u00f4le d&#039;acc\u00e8s \u00e9lectromagn\u00e9tique\" \/>\n<meta name=\"robots\" content=\"index, follow, max-snippet:-1, max-image-preview:large, max-video-preview:-1\" \/>\n<link rel=\"canonical\" href=\"https:\/\/www.valentesecurystar.com\/index.php\/password-reset\/\" \/>\n<meta property=\"og:locale\" content=\"fr_FR\" \/>\n<meta property=\"og:type\" content=\"article\" \/>\n<meta property=\"og:title\" content=\"R\u00e9initialisation du mot de passe - Securystar\" \/>\n<meta property=\"og:description\" content=\"La plus haute certification d&#039;Europe. Portes blind\u00e9es Serrures Cylindres et cl\u00e9s Menuiserie acier Contr\u00f4le d&#039;acc\u00e8s \u00e9lectromagn\u00e9tique\" \/>\n<meta property=\"og:url\" content=\"https:\/\/www.valentesecurystar.com\/index.php\/password-reset\/\" \/>\n<meta property=\"og:site_name\" content=\"Securystar\" \/>\n<meta property=\"article:publisher\" content=\"https:\/\/www.facebook.com\/ValenteSecurystar\" \/>\n<meta property=\"og:image\" content=\"https:\/\/i0.wp.com\/www.valentesecurystar.com\/wp-content\/uploads\/2021\/05\/rucheLOGO.png?fit=1703%2C1662&ssl=1\" \/>\n\t<meta property=\"og:image:width\" content=\"1703\" \/>\n\t<meta property=\"og:image:height\" content=\"1662\" \/>\n\t<meta property=\"og:image:type\" content=\"image\/png\" \/>\n<meta name=\"twitter:card\" content=\"summary_large_image\" \/>\n<script type=\"application\/ld+json\" class=\"yoast-schema-graph\">{\"@context\":\"https:\\\/\\\/schema.org\",\"@graph\":[{\"@type\":\"WebPage\",\"@id\":\"https:\\\/\\\/www.valentesecurystar.com\\\/index.php\\\/password-reset\\\/\",\"url\":\"https:\\\/\\\/www.valentesecurystar.com\\\/index.php\\\/password-reset\\\/\",\"name\":\"R\u00e9initialisation du mot de passe - Securystar\",\"isPartOf\":{\"@id\":\"https:\\\/\\\/www.valentesecurystar.com\\\/#website\"},\"datePublished\":\"2020-12-16T09:06:45+00:00\",\"description\":\"La plus haute certification d'Europe. Portes blind\u00e9es Serrures Cylindres et cl\u00e9s Menuiserie acier Contr\u00f4le d'acc\u00e8s \u00e9lectromagn\u00e9tique\",\"breadcrumb\":{\"@id\":\"https:\\\/\\\/www.valentesecurystar.com\\\/index.php\\\/password-reset\\\/#breadcrumb\"},\"inLanguage\":\"fr-FR\",\"potentialAction\":[{\"@type\":\"ReadAction\",\"target\":[\"https:\\\/\\\/www.valentesecurystar.com\\\/index.php\\\/password-reset\\\/\"]}]},{\"@type\":\"BreadcrumbList\",\"@id\":\"https:\\\/\\\/www.valentesecurystar.com\\\/index.php\\\/password-reset\\\/#breadcrumb\",\"itemListElement\":[{\"@type\":\"ListItem\",\"position\":1,\"name\":\"Home\",\"item\":\"https:\\\/\\\/www.valentesecurystar.com\\\/\"},{\"@type\":\"ListItem\",\"position\":2,\"name\":\"R\u00e9initialisation du mot de passe\"}]},{\"@type\":\"WebSite\",\"@id\":\"https:\\\/\\\/www.valentesecurystar.com\\\/#website\",\"url\":\"https:\\\/\\\/www.valentesecurystar.com\\\/\",\"name\":\"Securystar\",\"description\":\"Invent\u00e9e pour prot\u00e9ger\",\"publisher\":{\"@id\":\"https:\\\/\\\/www.valentesecurystar.com\\\/#organization\"},\"potentialAction\":[{\"@type\":\"SearchAction\",\"target\":{\"@type\":\"EntryPoint\",\"urlTemplate\":\"https:\\\/\\\/www.valentesecurystar.com\\\/?s={search_term_string}\"},\"query-input\":{\"@type\":\"PropertyValueSpecification\",\"valueRequired\":true,\"valueName\":\"search_term_string\"}}],\"inLanguage\":\"fr-FR\"},{\"@type\":\"Organization\",\"@id\":\"https:\\\/\\\/www.valentesecurystar.com\\\/#organization\",\"name\":\"Valente Securystar\",\"url\":\"https:\\\/\\\/www.valentesecurystar.com\\\/\",\"logo\":{\"@type\":\"ImageObject\",\"inLanguage\":\"fr-FR\",\"@id\":\"https:\\\/\\\/www.valentesecurystar.com\\\/#\\\/schema\\\/logo\\\/image\\\/\",\"url\":\"https:\\\/\\\/www.valentesecurystar.com\\\/wp-content\\\/uploads\\\/2020\\\/08\\\/Triangle-logo-VALENTE-SECURYSTAR-customise.png\",\"contentUrl\":\"https:\\\/\\\/www.valentesecurystar.com\\\/wp-content\\\/uploads\\\/2020\\\/08\\\/Triangle-logo-VALENTE-SECURYSTAR-customise.png\",\"width\":395,\"height\":379,\"caption\":\"Valente Securystar\"},\"image\":{\"@id\":\"https:\\\/\\\/www.valentesecurystar.com\\\/#\\\/schema\\\/logo\\\/image\\\/\"},\"sameAs\":[\"https:\\\/\\\/www.facebook.com\\\/ValenteSecurystar\",\"https:\\\/\\\/www.instagram.com\\\/valente_securite\\\/\",\"https:\\\/\\\/www.linkedin.com\\\/company\\\/securystar\",\"https:\\\/\\\/www.youtube.com\\\/channel\\\/UC_Q5XzLaGfWe65BLjIpAwuw\"]}]}<\/script>\n<!-- \/ Yoast SEO plugin. -->","yoast_head_json":{"title":"R\u00e9initialisation du mot de passe - Securystar","description":"La plus haute certification d'Europe. Portes blind\u00e9es Serrures Cylindres et cl\u00e9s Menuiserie acier Contr\u00f4le d'acc\u00e8s \u00e9lectromagn\u00e9tique","robots":{"index":"index","follow":"follow","max-snippet":"max-snippet:-1","max-image-preview":"max-image-preview:large","max-video-preview":"max-video-preview:-1"},"canonical":"https:\/\/www.valentesecurystar.com\/index.php\/password-reset\/","og_locale":"fr_FR","og_type":"article","og_title":"R\u00e9initialisation du mot de passe - Securystar","og_description":"La plus haute certification d'Europe. Portes blind\u00e9es Serrures Cylindres et cl\u00e9s Menuiserie acier Contr\u00f4le d'acc\u00e8s \u00e9lectromagn\u00e9tique","og_url":"https:\/\/www.valentesecurystar.com\/index.php\/password-reset\/","og_site_name":"Securystar","article_publisher":"https:\/\/www.facebook.com\/ValenteSecurystar","og_image":[{"width":1703,"height":1662,"url":"https:\/\/i0.wp.com\/www.valentesecurystar.com\/wp-content\/uploads\/2021\/05\/rucheLOGO.png?fit=1703%2C1662&ssl=1","type":"image\/png"}],"twitter_card":"summary_large_image","schema":{"@context":"https:\/\/schema.org","@graph":[{"@type":"WebPage","@id":"https:\/\/www.valentesecurystar.com\/index.php\/password-reset\/","url":"https:\/\/www.valentesecurystar.com\/index.php\/password-reset\/","name":"R\u00e9initialisation du mot de passe - Securystar","isPartOf":{"@id":"https:\/\/www.valentesecurystar.com\/#website"},"datePublished":"2020-12-16T09:06:45+00:00","description":"La plus haute certification d'Europe. Portes blind\u00e9es Serrures Cylindres et cl\u00e9s Menuiserie acier Contr\u00f4le d'acc\u00e8s \u00e9lectromagn\u00e9tique","breadcrumb":{"@id":"https:\/\/www.valentesecurystar.com\/index.php\/password-reset\/#breadcrumb"},"inLanguage":"fr-FR","potentialAction":[{"@type":"ReadAction","target":["https:\/\/www.valentesecurystar.com\/index.php\/password-reset\/"]}]},{"@type":"BreadcrumbList","@id":"https:\/\/www.valentesecurystar.com\/index.php\/password-reset\/#breadcrumb","itemListElement":[{"@type":"ListItem","position":1,"name":"Home","item":"https:\/\/www.valentesecurystar.com\/"},{"@type":"ListItem","position":2,"name":"R\u00e9initialisation du mot de passe"}]},{"@type":"WebSite","@id":"https:\/\/www.valentesecurystar.com\/#website","url":"https:\/\/www.valentesecurystar.com\/","name":"Securystar","description":"Invent\u00e9e pour prot\u00e9ger","publisher":{"@id":"https:\/\/www.valentesecurystar.com\/#organization"},"potentialAction":[{"@type":"SearchAction","target":{"@type":"EntryPoint","urlTemplate":"https:\/\/www.valentesecurystar.com\/?s={search_term_string}"},"query-input":{"@type":"PropertyValueSpecification","valueRequired":true,"valueName":"search_term_string"}}],"inLanguage":"fr-FR"},{"@type":"Organization","@id":"https:\/\/www.valentesecurystar.com\/#organization","name":"Valente Securystar","url":"https:\/\/www.valentesecurystar.com\/","logo":{"@type":"ImageObject","inLanguage":"fr-FR","@id":"https:\/\/www.valentesecurystar.com\/#\/schema\/logo\/image\/","url":"https:\/\/www.valentesecurystar.com\/wp-content\/uploads\/2020\/08\/Triangle-logo-VALENTE-SECURYSTAR-customise.png","contentUrl":"https:\/\/www.valentesecurystar.com\/wp-content\/uploads\/2020\/08\/Triangle-logo-VALENTE-SECURYSTAR-customise.png","width":395,"height":379,"caption":"Valente Securystar"},"image":{"@id":"https:\/\/www.valentesecurystar.com\/#\/schema\/logo\/image\/"},"sameAs":["https:\/\/www.facebook.com\/ValenteSecurystar","https:\/\/www.instagram.com\/valente_securite\/","https:\/\/www.linkedin.com\/company\/securystar","https:\/\/www.youtube.com\/channel\/UC_Q5XzLaGfWe65BLjIpAwuw"]}]}},"jetpack_sharing_enabled":true,"jetpack_likes_enabled":true,"jetpack_shortlink":"https:\/\/wp.me\/PcmrIw-1fb","_links":{"self":[{"href":"https:\/\/www.valentesecurystar.com\/index.php\/wp-json\/wp\/v2\/pages\/4785","targetHints":{"allow":["GET"]}}],"collection":[{"href":"https:\/\/www.valentesecurystar.com\/index.php\/wp-json\/wp\/v2\/pages"}],"about":[{"href":"https:\/\/www.valentesecurystar.com\/index.php\/wp-json\/wp\/v2\/types\/page"}],"author":[{"embeddable":true,"href":"https:\/\/www.valentesecurystar.com\/index.php\/wp-json\/wp\/v2\/users\/1"}],"replies":[{"embeddable":true,"href":"https:\/\/www.valentesecurystar.com\/index.php\/wp-json\/wp\/v2\/comments?post=4785"}],"version-history":[{"count":0,"href":"https:\/\/www.valentesecurystar.com\/index.php\/wp-json\/wp\/v2\/pages\/4785\/revisions"}],"wp:attachment":[{"href":"https:\/\/www.valentesecurystar.com\/index.php\/wp-json\/wp\/v2\/media?parent=4785"}],"curies":[{"name":"wp","href":"https:\/\/api.w.org\/{rel}","templated":true}]}}