{"id":61,"date":"2020-08-07T09:26:44","date_gmt":"2020-08-07T07:26:44","guid":{"rendered":"http:\/\/constrb.cluster028.hosting.ovh.net\/vm264348-ovh\/?page_id=61"},"modified":"2024-11-04T15:28:08","modified_gmt":"2024-11-04T14:28:08","slug":"nos-produits","status":"publish","type":"page","link":"https:\/\/www.valentesecurystar.com\/index.php\/securystar-accueil\/nos-produits\/","title":{"rendered":"Nos produits"},"content":{"rendered":"\n\n\t<h1>nos produits<\/h1>\n\t<p>Nos produits sont fabriqu\u00e9s en France. Garantie 15 ans. sur mesure \u00e0 vos mesures. Expert depuis des d\u00e9cennies, nous mettons \u00e0 votre service tout notre savoir faire.<\/p>\n<p>Blindage de porte et porte blind\u00e9e. Certifi\u00e9es coupe-feu, pare-flamme, pare-balle. Les portes certifi\u00e9es avec la plus haute certification d&#8217;Europe. Consulter le site de <a href=\"https:\/\/a2p-certification.org\/\">A2P Certification<\/a> pour en savoir plus sur les certifications. Notre page : <a href=\"https:\/\/www.valentesecurystar.com\/index.php\/securystar-accueil\/a-propos-de-nous\/certifications\/\">Nos certifications<\/a> , vous en apprendra d&#8217;avantage sur notre marque, nos brevets et les certifications des diff\u00e9rents produits.<\/p>\n\tNos produits offrent une multitudes de possibilit\u00e9s. Gr\u00e2ce aux techniques <em><a href=\"https:\/\/www.valentesecurystar.com\/index.php\/securystar-accueil\/nos-produits\/portes-blindees-blocs-portes-blindage-de-porte\/vitre\/\">vitr\u00e9es<\/a>,<\/em> pare-feu, ou pare-flamme. <em><a href=\"https:\/\/www.valentesecurystar.com\/index.php\/securystar-accueil\/nos-produits\/portes-blindees-blocs-portes-blindage-de-porte\/super-blindage-copropriete\/\">Blinder vos acc\u00e8s<\/a><\/em>, <em><a href=\"https:\/\/www.valentesecurystar.com\/index.php\/2021\/05\/04\/controle-dacces\/\">s\u00e9curiser vos pi\u00e8ces<\/a><\/em>, et moderniser votre int\u00e9rieur devient \u00e0 votre port\u00e9e.<br \/>\nR\u00e9alisez tous vos r\u00eaves d&#8217;int\u00e9rieur et d&#8217;ext\u00e9rieur en choisissant Securystar pour habiller vos entr\u00e9es et sorties. <a href=\"https:\/\/www.valentesecurystar.com\/index.php\/securystar-accueil\/nos-produits\/electromecanique-controle-dacces\/\"><em>Nos syst\u00e8mes d&#8217;ouvertures \u00e9lectromagn\u00e9tiques<\/em><\/a>, permettent une s\u00e9curit\u00e9 optimale et des design enti\u00e8rement \u00e0 vos mesures. Retrouvez l&#8217;article de AP Certification &#8220;<em><a href=\"https:\/\/www.valentesecurystar.com\/index.php\/2021\/05\/25\/bien-choisir-sa-porte\/\">bien choisir sa porte<\/a><\/em>&#8221; afin de d\u00e9terminer votre besoin, et choisir la porte certifi\u00e9e qui vous convient.\n\t\t\t\t<a href=\"https:\/\/www.valentesecurystar.com\/index.php\/securystar\/nos-produits\/portes-blindees-blocs-portes-blindage-de-porte\/\" target=\"_self\" itemprop=\"url\" rel=\"noopener\">\n\t\t\t\t<img data-recalc-dims=\"1\" loading=\"lazy\" decoding=\"async\" src=\"https:\/\/i0.wp.com\/www.valentesecurystar.com\/wp-content\/uploads\/2021\/02\/03-TRANSPARENCE.png?resize=300%2C577&#038;ssl=1\" alt=\"porte blind\u00e9e - LE TRANSPARENCE\" itemprop=\"image\" height=\"577\" width=\"300\" title=\"LE TRANSPARENCE\" onerror=\"this.style.display='none'\"  \/>\n\t\t\t\t<\/a>\n\t<h3><a href=\"https:\/\/www.valentesecurystar.com\/index.php\/securystar\/nos-produits\/portes-blindees-blocs-portes-blindage-de-porte\/\">Portes blind\u00e9es &amp; Blindage de porte<\/a><\/h3>\n\t\t\t\t<a href=\"https:\/\/www.valentesecurystar.com\/index.php\/securystar\/nos-produits\/serrures-2\/\" target=\"_self\" itemprop=\"url\" rel=\"noopener\">\n\t\t\t\t<img data-recalc-dims=\"1\" loading=\"lazy\" decoding=\"async\" src=\"https:\/\/i0.wp.com\/www.valentesecurystar.com\/wp-content\/uploads\/2020\/08\/serrures.png?resize=201%2C196&#038;ssl=1\" alt=\"serrures\" itemprop=\"image\" height=\"196\" width=\"201\" title=\"serrures\" onerror=\"this.style.display='none'\"  \/>\n\t\t\t\t<\/a>\n\t<h3><a href=\"https:\/\/www.valentesecurystar.com\/index.php\/securystar\/nos-produits\/serrures-2\/\">Serrures<\/a><\/h3>\n\t\t\t\t<a href=\"https:\/\/www.valentesecurystar.com\/index.php\/securystar\/nos-produits\/cylindres-cles\/\" target=\"_self\" itemprop=\"url\" rel=\"noopener\">\n\t\t\t\t<img data-recalc-dims=\"1\" loading=\"lazy\" decoding=\"async\" src=\"https:\/\/i0.wp.com\/www.valentesecurystar.com\/wp-content\/uploads\/2020\/08\/CYLINDRESCLES.png?resize=180%2C204&#038;ssl=1\" alt=\"cylindre et cl\u00e9\" itemprop=\"image\" height=\"204\" width=\"180\" title=\"cylindre et cl\u00e9\" onerror=\"this.style.display='none'\"  \/>\n\t\t\t\t<\/a>\n\t<h3><a href=\"https:\/\/www.valentesecurystar.com\/index.php\/securystar\/nos-produits\/cylindres-cles\/\">Cylindres et cl\u00e9s<\/a><\/h3>\n\t\t\t\t<a href=\"https:\/\/www.valentesecurystar.com\/index.php\/securystar\/nos-produits\/menuiserie-acier-2\/\" target=\"_self\" itemprop=\"url\" rel=\"noopener\">\n\t\t\t\t<img data-recalc-dims=\"1\" loading=\"lazy\" decoding=\"async\" src=\"https:\/\/i0.wp.com\/www.valentesecurystar.com\/wp-content\/uploads\/2020\/09\/visuel-picto-menuiserie-site.png?resize=1917%2C2362&#038;ssl=1\" alt=\"menuiserie acier\" itemprop=\"image\" height=\"2362\" width=\"1917\" title=\"menuiserie acier\" onerror=\"this.style.display='none'\"  \/>\n\t\t\t\t<\/a>\n\t<h3><a href=\"https:\/\/www.valentesecurystar.com\/index.php\/securystar\/nos-produits\/menuiserie-acier-2\/\">Menuiserie m\u00e9tallique<\/a><\/h3>\n\t\t\t\t<a href=\"https:\/\/www.valentesecurystar.com\/index.php\/securystar\/nos-produits\/electromecanique-controle-dacces\/\" target=\"_self\" itemprop=\"url\" rel=\"noopener\">\n\t\t\t\t<img data-recalc-dims=\"1\" loading=\"lazy\" decoding=\"async\" src=\"https:\/\/i0.wp.com\/www.valentesecurystar.com\/wp-content\/uploads\/2020\/08\/electro-controle.png?resize=188%2C260&#038;ssl=1\" alt=\"\u00e9lectrom\u00e9canique et contr\u00f4le d'acc\u00e8s\" itemprop=\"image\" height=\"260\" width=\"188\" title=\"\u00e9lectrom\u00e9canique et contr\u00f4le d'acc\u00e8s\" onerror=\"this.style.display='none'\"  \/>\n\t\t\t\t<\/a>\n\t<h3><a href=\"https:\/\/www.valentesecurystar.com\/index.php\/securystar\/nos-produits\/electromecanique-controle-dacces\/\">Contr\u00f4le d&#8217;acc\u00e8s<\/a><\/h3>\n\t\t\t\t<a href=\"https:\/\/www.valentesecurystar.com\/index.php\/nos-couleurs-epoxy-ral\/\" target=\"_self\" itemprop=\"url\" rel=\"noopener\">\n\t\t\t\t<img data-recalc-dims=\"1\" loading=\"lazy\" decoding=\"async\" src=\"https:\/\/i0.wp.com\/www.valentesecurystar.com\/wp-content\/uploads\/2020\/09\/nuancier.png?resize=600%2C600&#038;ssl=1\" alt=\"NUANCIER\" itemprop=\"image\" height=\"600\" width=\"600\" title=\"NUANCIER\" onerror=\"this.style.display='none'\"  \/>\n\t\t\t\t<\/a>\n\t<h3><a href=\"https:\/\/www.valentesecurystar.com\/index.php\/securystar\/nos-couleurs-epoxy-ral\/\">Nuancier RAL<\/a><\/h3>\n\t\t\t\t<img data-recalc-dims=\"1\" loading=\"lazy\" decoding=\"async\" src=\"https:\/\/i0.wp.com\/www.valentesecurystar.com\/wp-content\/uploads\/2021\/05\/service-par-excellence-2021.png?resize=1622%2C517&#038;ssl=1\" alt=\"service par excellence 2021\" itemprop=\"image\" height=\"517\" width=\"1622\" title=\"service par excellence 2021\" onerror=\"this.style.display='none'\"  \/>\n\t<iframe src=\"https:\/\/www.google.com\/maps\/embed\/v1\/place?q=Valente+Securystar%0A1+rue+du+courson+94320+thiais&#038;key=AIzaSyD09zQ9PNDNNy9TadMuzRV_UsPUoWKntt8\" aria-hidden=\"true\"><\/iframe>\n\t<h2>nous contacter<\/h2>\n\t\n\t\n \n<form action=\"\/?page_id=61&#038;fl_builder#wpcf7-f3899-o1\" method=\"post\" aria-label=\"Formulaire de contact\" novalidate=\"novalidate\" data-status=\"init\">\n<input type=\"hidden\" name=\"_wpcf7\" value=\"3899\" \/>\n<input type=\"hidden\" name=\"_wpcf7_version\" value=\"6.0\" \/>\n<input type=\"hidden\" name=\"_wpcf7_locale\" value=\"fr_FR\" \/>\n<input type=\"hidden\" name=\"_wpcf7_unit_tag\" value=\"wpcf7-f3899-o1\" \/>\n<input type=\"hidden\" name=\"_wpcf7_container_post\" value=\"0\" \/>\n<input type=\"hidden\" name=\"_wpcf7_posted_data_hash\" value=\"\" \/>\n<input type=\"hidden\" name=\"_wpcf7_recaptcha_response\" value=\"\" \/>\n<input type=\"radio\" name=\"checkbox01\" value=\"Madame\" checked=\"checked\" \/>Madame<input type=\"radio\" name=\"checkbox01\" value=\"Monsieur\" \/>Monsieur<br \/>\n<label><input size=\"40\" maxlength=\"400\" aria-required=\"true\" aria-invalid=\"false\" placeholder=\"Nom*\" value=\"\" type=\"text\" name=\"NAME\" \/><\/label><br \/>\n<label><input size=\"40\" maxlength=\"400\" aria-required=\"true\" aria-invalid=\"false\" placeholder=\"Pr\u00e9nom*\" value=\"\" type=\"text\" name=\"Prenom\" \/><\/label><br \/>\n<label><input size=\"40\" maxlength=\"400\" aria-required=\"true\" aria-invalid=\"false\" placeholder=\"Votre adresse email*\" value=\"\" type=\"email\" name=\"MAIL\" \/><\/label><br \/>\n<label><input size=\"40\" maxlength=\"400\" aria-required=\"true\" aria-invalid=\"false\" placeholder=\"Votre adresse*\" value=\"\" type=\"text\" name=\"ADRESS\" \/><\/label><br \/>\n<label><input size=\"40\" maxlength=\"400\" aria-required=\"true\" aria-invalid=\"false\" value=\"N\u00b0 de t\u00e9l\u00e9phone de contact*\" type=\"tel\" name=\"TEL\" \/><\/label><br \/>\n<label><input size=\"40\" maxlength=\"400\" aria-required=\"true\" aria-invalid=\"false\" placeholder=\"Objet*\" value=\"\" type=\"text\" name=\"SUBJECT\" \/><\/label>\n\n<label><textarea cols=\"40\" rows=\"10\" maxlength=\"2000\" aria-required=\"true\" aria-invalid=\"false\" placeholder=\"Votre message*\" name=\"MESSAGE\"><\/textarea> <\/label>\n\nTous les champs marqu\u00e9 d&#8217;un <b>*<\/b> sont obligatoires:\n\nJ&#039;ai lu et j&#039;accepte la politique de confidentialit\u00e9*<input type=\"checkbox\" name=\"Politique[]\" value=\"J&#039;ai lu et j&#039;accepte la politique de confidentialit\u00e9*\" \/><br \/>\n<input type=\"submit\" value=\"Envoyer\" \/>\n<label>&#916;<textarea name=\"_wpcf7_ak_hp_textarea\" cols=\"45\" rows=\"8\" maxlength=\"100\"><\/textarea><\/label><input type=\"hidden\" id=\"ak_js_1\" name=\"_wpcf7_ak_js\" value=\"211\"\/>\n<\/form>\n\t\t\t\t<img data-recalc-dims=\"1\" height=\"288\" width=\"300\" decoding=\"async\" src=\"https:\/\/i0.wp.com\/www.valentesecurystar.com\/wp-content\/uploads\/2020\/08\/Triangle-logo-VALENTE-SECURYSTAR-customise.png?resize=300%2C288&#038;ssl=1\" alt=\"Triangle logo VALENTE SECURYSTAR\" itemprop=\"image\" title=\"Triangle logo VALENTE SECURYSTAR\" onerror=\"this.style.display='none'\"  \/>\n\t<h2>valente securystar portes<\/h2>\n\t1 rue du Courson<br \/>\n94320 &#8211; Thiais\nT\u00e9l: 01 56 34 24 24<br \/>\nFax: 01 56 34 24 25\n\t\t\t<a href=\"https:\/\/www.facebook.com\/ValenteSecurystar\" target=\"_blank\" role=\"button\" rel=\"noopener\">\n\t\t\t\t\t\t\t<\/a>\n\t\t\t<a href=\"https:\/\/www.facebook.com\/ValenteSecurystar\" target=\"_blank\" role=\"button\" rel=\"noopener\">\n\t\t\t\t\t\t\t<\/a>\n\t\t\t<a href=\"https:\/\/www.instagram.com\/valentesecurystarporte\/\" target=\"_blank\" role=\"button\" rel=\"noopener\">\n\t\t\t\t\t\t\t<\/a>\n\t\t\t<a href=\"https:\/\/www.linkedin.com\/company\/securystar\" target=\"_blank\" role=\"button\" rel=\"noopener\">\n\t\t\t\t\t\t\t<\/a>\n\t\t\t<a href=\"https:\/\/www.youtube.com\/channel\/UC2XiIv0V5Kony5E9zXw44zQ\" target=\"_blank\" role=\"button\" rel=\"noopener\">\n\t\t\t\t\t\t\t<\/a>\n\n","protected":false},"excerpt":{"rendered":"<p>nos produits Nos produits sont fabriqu\u00e9s en France. Garantie 15 ans. sur mesure \u00e0 vos mesures. Expert depuis des d\u00e9cennies, nous mettons \u00e0 votre service tout notre savoir faire. Blindage de porte et porte blind\u00e9e. Certifi\u00e9es coupe-feu, pare-flamme, pare-balle. Les portes certifi\u00e9es avec la plus haute certification d&#8217;Europe. Consulter le site de A2P Certification pour&hellip;<\/p>\n","protected":false},"author":1,"featured_media":3795,"parent":14,"menu_order":0,"comment_status":"closed","ping_status":"closed","template":"","meta":{"footnotes":""},"class_list":["post-61","page","type-page","status-publish","has-post-thumbnail","hentry"],"yoast_head":"<!-- This site is optimized with the Yoast SEO plugin v27.4 - https:\/\/yoast.com\/product\/yoast-seo-wordpress\/ -->\n<title>Nos produits - Valente Securystar - Expert du sur mesure<\/title>\n<meta name=\"description\" content=\"Nos produits. Blindage de porte, portes blind\u00e9es, serrures, cl\u00e9s et cylindres, menuiserie m\u00e9tallique, grilles, gardes corps, portails.\" \/>\n<meta name=\"robots\" content=\"index, follow, max-snippet:-1, max-image-preview:large, max-video-preview:-1\" \/>\n<link rel=\"canonical\" href=\"https:\/\/www.valentesecurystar.com\/index.php\/securystar-accueil\/nos-produits\/\" \/>\n<meta property=\"og:locale\" content=\"fr_FR\" \/>\n<meta property=\"og:type\" content=\"article\" \/>\n<meta property=\"og:title\" content=\"Nos produits - Valente Securystar - Expert du sur mesure\" \/>\n<meta property=\"og:description\" content=\"Nos produits. Blindage de porte, portes blind\u00e9es, serrures, cl\u00e9s et cylindres, menuiserie m\u00e9tallique, grilles, gardes corps, portails.\" \/>\n<meta property=\"og:url\" content=\"https:\/\/www.valentesecurystar.com\/index.php\/securystar-accueil\/nos-produits\/\" \/>\n<meta property=\"og:site_name\" content=\"Securystar\" \/>\n<meta property=\"article:publisher\" content=\"https:\/\/www.facebook.com\/ValenteSecurystar\" \/>\n<meta property=\"article:modified_time\" content=\"2024-11-04T14:28:08+00:00\" \/>\n<meta property=\"og:image\" content=\"https:\/\/www.valentesecurystar.com\/wp-content\/uploads\/2020\/09\/Montage-SLIDER-metiers-1.png\" \/>\n\t<meta property=\"og:image:width\" content=\"2088\" \/>\n\t<meta property=\"og:image:height\" content=\"760\" \/>\n\t<meta property=\"og:image:type\" content=\"image\/png\" \/>\n<meta name=\"twitter:card\" content=\"summary_large_image\" \/>\n<meta name=\"twitter:label1\" content=\"Dur\u00e9e de lecture estim\u00e9e\" \/>\n\t<meta name=\"twitter:data1\" content=\"3 minutes\" \/>\n<script type=\"application\/ld+json\" class=\"yoast-schema-graph\">{\"@context\":\"https:\\\/\\\/schema.org\",\"@graph\":[{\"@type\":\"WebPage\",\"@id\":\"https:\\\/\\\/www.valentesecurystar.com\\\/index.php\\\/securystar-accueil\\\/nos-produits\\\/\",\"url\":\"https:\\\/\\\/www.valentesecurystar.com\\\/index.php\\\/securystar-accueil\\\/nos-produits\\\/\",\"name\":\"Nos produits - Valente Securystar - Expert du sur mesure\",\"isPartOf\":{\"@id\":\"https:\\\/\\\/www.valentesecurystar.com\\\/#website\"},\"primaryImageOfPage\":{\"@id\":\"https:\\\/\\\/www.valentesecurystar.com\\\/index.php\\\/securystar-accueil\\\/nos-produits\\\/#primaryimage\"},\"image\":{\"@id\":\"https:\\\/\\\/www.valentesecurystar.com\\\/index.php\\\/securystar-accueil\\\/nos-produits\\\/#primaryimage\"},\"thumbnailUrl\":\"https:\\\/\\\/i0.wp.com\\\/www.valentesecurystar.com\\\/wp-content\\\/uploads\\\/2020\\\/09\\\/Montage-SLIDER-metiers-1.png?fit=2088%2C760&ssl=1\",\"datePublished\":\"2020-08-07T07:26:44+00:00\",\"dateModified\":\"2024-11-04T14:28:08+00:00\",\"description\":\"Nos produits. Blindage de porte, portes blind\u00e9es, serrures, cl\u00e9s et cylindres, menuiserie m\u00e9tallique, grilles, gardes corps, portails.\",\"breadcrumb\":{\"@id\":\"https:\\\/\\\/www.valentesecurystar.com\\\/index.php\\\/securystar-accueil\\\/nos-produits\\\/#breadcrumb\"},\"inLanguage\":\"fr-FR\",\"potentialAction\":[{\"@type\":\"ReadAction\",\"target\":[\"https:\\\/\\\/www.valentesecurystar.com\\\/index.php\\\/securystar-accueil\\\/nos-produits\\\/\"]}]},{\"@type\":\"ImageObject\",\"inLanguage\":\"fr-FR\",\"@id\":\"https:\\\/\\\/www.valentesecurystar.com\\\/index.php\\\/securystar-accueil\\\/nos-produits\\\/#primaryimage\",\"url\":\"https:\\\/\\\/i0.wp.com\\\/www.valentesecurystar.com\\\/wp-content\\\/uploads\\\/2020\\\/09\\\/Montage-SLIDER-metiers-1.png?fit=2088%2C760&ssl=1\",\"contentUrl\":\"https:\\\/\\\/i0.wp.com\\\/www.valentesecurystar.com\\\/wp-content\\\/uploads\\\/2020\\\/09\\\/Montage-SLIDER-metiers-1.png?fit=2088%2C760&ssl=1\",\"width\":2088,\"height\":760,\"caption\":\"Valente Securystar nos m\u00e9tiers\"},{\"@type\":\"BreadcrumbList\",\"@id\":\"https:\\\/\\\/www.valentesecurystar.com\\\/index.php\\\/securystar-accueil\\\/nos-produits\\\/#breadcrumb\",\"itemListElement\":[{\"@type\":\"ListItem\",\"position\":1,\"name\":\"Home\",\"item\":\"https:\\\/\\\/www.valentesecurystar.com\\\/\"},{\"@type\":\"ListItem\",\"position\":2,\"name\":\"Accueil\",\"item\":\"https:\\\/\\\/www.valentesecurystar.com\\\/\"},{\"@type\":\"ListItem\",\"position\":3,\"name\":\"Nos produits\"}]},{\"@type\":\"WebSite\",\"@id\":\"https:\\\/\\\/www.valentesecurystar.com\\\/#website\",\"url\":\"https:\\\/\\\/www.valentesecurystar.com\\\/\",\"name\":\"Securystar\",\"description\":\"Invent\u00e9e pour prot\u00e9ger\",\"publisher\":{\"@id\":\"https:\\\/\\\/www.valentesecurystar.com\\\/#organization\"},\"potentialAction\":[{\"@type\":\"SearchAction\",\"target\":{\"@type\":\"EntryPoint\",\"urlTemplate\":\"https:\\\/\\\/www.valentesecurystar.com\\\/?s={search_term_string}\"},\"query-input\":{\"@type\":\"PropertyValueSpecification\",\"valueRequired\":true,\"valueName\":\"search_term_string\"}}],\"inLanguage\":\"fr-FR\"},{\"@type\":\"Organization\",\"@id\":\"https:\\\/\\\/www.valentesecurystar.com\\\/#organization\",\"name\":\"Valente Securystar\",\"url\":\"https:\\\/\\\/www.valentesecurystar.com\\\/\",\"logo\":{\"@type\":\"ImageObject\",\"inLanguage\":\"fr-FR\",\"@id\":\"https:\\\/\\\/www.valentesecurystar.com\\\/#\\\/schema\\\/logo\\\/image\\\/\",\"url\":\"https:\\\/\\\/www.valentesecurystar.com\\\/wp-content\\\/uploads\\\/2020\\\/08\\\/Triangle-logo-VALENTE-SECURYSTAR-customise.png\",\"contentUrl\":\"https:\\\/\\\/www.valentesecurystar.com\\\/wp-content\\\/uploads\\\/2020\\\/08\\\/Triangle-logo-VALENTE-SECURYSTAR-customise.png\",\"width\":395,\"height\":379,\"caption\":\"Valente Securystar\"},\"image\":{\"@id\":\"https:\\\/\\\/www.valentesecurystar.com\\\/#\\\/schema\\\/logo\\\/image\\\/\"},\"sameAs\":[\"https:\\\/\\\/www.facebook.com\\\/ValenteSecurystar\",\"https:\\\/\\\/www.instagram.com\\\/valente_securite\\\/\",\"https:\\\/\\\/www.linkedin.com\\\/company\\\/securystar\",\"https:\\\/\\\/www.youtube.com\\\/channel\\\/UC_Q5XzLaGfWe65BLjIpAwuw\"]}]}<\/script>\n<!-- \/ Yoast SEO plugin. -->","yoast_head_json":{"title":"Nos produits - Valente Securystar - Expert du sur mesure","description":"Nos produits. Blindage de porte, portes blind\u00e9es, serrures, cl\u00e9s et cylindres, menuiserie m\u00e9tallique, grilles, gardes corps, portails.","robots":{"index":"index","follow":"follow","max-snippet":"max-snippet:-1","max-image-preview":"max-image-preview:large","max-video-preview":"max-video-preview:-1"},"canonical":"https:\/\/www.valentesecurystar.com\/index.php\/securystar-accueil\/nos-produits\/","og_locale":"fr_FR","og_type":"article","og_title":"Nos produits - Valente Securystar - Expert du sur mesure","og_description":"Nos produits. Blindage de porte, portes blind\u00e9es, serrures, cl\u00e9s et cylindres, menuiserie m\u00e9tallique, grilles, gardes corps, portails.","og_url":"https:\/\/www.valentesecurystar.com\/index.php\/securystar-accueil\/nos-produits\/","og_site_name":"Securystar","article_publisher":"https:\/\/www.facebook.com\/ValenteSecurystar","article_modified_time":"2024-11-04T14:28:08+00:00","og_image":[{"width":2088,"height":760,"url":"https:\/\/www.valentesecurystar.com\/wp-content\/uploads\/2020\/09\/Montage-SLIDER-metiers-1.png","type":"image\/png"}],"twitter_card":"summary_large_image","twitter_misc":{"Dur\u00e9e de lecture estim\u00e9e":"3 minutes"},"schema":{"@context":"https:\/\/schema.org","@graph":[{"@type":"WebPage","@id":"https:\/\/www.valentesecurystar.com\/index.php\/securystar-accueil\/nos-produits\/","url":"https:\/\/www.valentesecurystar.com\/index.php\/securystar-accueil\/nos-produits\/","name":"Nos produits - Valente Securystar - Expert du sur mesure","isPartOf":{"@id":"https:\/\/www.valentesecurystar.com\/#website"},"primaryImageOfPage":{"@id":"https:\/\/www.valentesecurystar.com\/index.php\/securystar-accueil\/nos-produits\/#primaryimage"},"image":{"@id":"https:\/\/www.valentesecurystar.com\/index.php\/securystar-accueil\/nos-produits\/#primaryimage"},"thumbnailUrl":"https:\/\/i0.wp.com\/www.valentesecurystar.com\/wp-content\/uploads\/2020\/09\/Montage-SLIDER-metiers-1.png?fit=2088%2C760&ssl=1","datePublished":"2020-08-07T07:26:44+00:00","dateModified":"2024-11-04T14:28:08+00:00","description":"Nos produits. Blindage de porte, portes blind\u00e9es, serrures, cl\u00e9s et cylindres, menuiserie m\u00e9tallique, grilles, gardes corps, portails.","breadcrumb":{"@id":"https:\/\/www.valentesecurystar.com\/index.php\/securystar-accueil\/nos-produits\/#breadcrumb"},"inLanguage":"fr-FR","potentialAction":[{"@type":"ReadAction","target":["https:\/\/www.valentesecurystar.com\/index.php\/securystar-accueil\/nos-produits\/"]}]},{"@type":"ImageObject","inLanguage":"fr-FR","@id":"https:\/\/www.valentesecurystar.com\/index.php\/securystar-accueil\/nos-produits\/#primaryimage","url":"https:\/\/i0.wp.com\/www.valentesecurystar.com\/wp-content\/uploads\/2020\/09\/Montage-SLIDER-metiers-1.png?fit=2088%2C760&ssl=1","contentUrl":"https:\/\/i0.wp.com\/www.valentesecurystar.com\/wp-content\/uploads\/2020\/09\/Montage-SLIDER-metiers-1.png?fit=2088%2C760&ssl=1","width":2088,"height":760,"caption":"Valente Securystar nos m\u00e9tiers"},{"@type":"BreadcrumbList","@id":"https:\/\/www.valentesecurystar.com\/index.php\/securystar-accueil\/nos-produits\/#breadcrumb","itemListElement":[{"@type":"ListItem","position":1,"name":"Home","item":"https:\/\/www.valentesecurystar.com\/"},{"@type":"ListItem","position":2,"name":"Accueil","item":"https:\/\/www.valentesecurystar.com\/"},{"@type":"ListItem","position":3,"name":"Nos produits"}]},{"@type":"WebSite","@id":"https:\/\/www.valentesecurystar.com\/#website","url":"https:\/\/www.valentesecurystar.com\/","name":"Securystar","description":"Invent\u00e9e pour prot\u00e9ger","publisher":{"@id":"https:\/\/www.valentesecurystar.com\/#organization"},"potentialAction":[{"@type":"SearchAction","target":{"@type":"EntryPoint","urlTemplate":"https:\/\/www.valentesecurystar.com\/?s={search_term_string}"},"query-input":{"@type":"PropertyValueSpecification","valueRequired":true,"valueName":"search_term_string"}}],"inLanguage":"fr-FR"},{"@type":"Organization","@id":"https:\/\/www.valentesecurystar.com\/#organization","name":"Valente Securystar","url":"https:\/\/www.valentesecurystar.com\/","logo":{"@type":"ImageObject","inLanguage":"fr-FR","@id":"https:\/\/www.valentesecurystar.com\/#\/schema\/logo\/image\/","url":"https:\/\/www.valentesecurystar.com\/wp-content\/uploads\/2020\/08\/Triangle-logo-VALENTE-SECURYSTAR-customise.png","contentUrl":"https:\/\/www.valentesecurystar.com\/wp-content\/uploads\/2020\/08\/Triangle-logo-VALENTE-SECURYSTAR-customise.png","width":395,"height":379,"caption":"Valente Securystar"},"image":{"@id":"https:\/\/www.valentesecurystar.com\/#\/schema\/logo\/image\/"},"sameAs":["https:\/\/www.facebook.com\/ValenteSecurystar","https:\/\/www.instagram.com\/valente_securite\/","https:\/\/www.linkedin.com\/company\/securystar","https:\/\/www.youtube.com\/channel\/UC_Q5XzLaGfWe65BLjIpAwuw"]}]}},"jetpack_sharing_enabled":true,"jetpack_likes_enabled":true,"jetpack_shortlink":"https:\/\/wp.me\/PcmrIw-Z","_links":{"self":[{"href":"https:\/\/www.valentesecurystar.com\/index.php\/wp-json\/wp\/v2\/pages\/61","targetHints":{"allow":["GET"]}}],"collection":[{"href":"https:\/\/www.valentesecurystar.com\/index.php\/wp-json\/wp\/v2\/pages"}],"about":[{"href":"https:\/\/www.valentesecurystar.com\/index.php\/wp-json\/wp\/v2\/types\/page"}],"author":[{"embeddable":true,"href":"https:\/\/www.valentesecurystar.com\/index.php\/wp-json\/wp\/v2\/users\/1"}],"replies":[{"embeddable":true,"href":"https:\/\/www.valentesecurystar.com\/index.php\/wp-json\/wp\/v2\/comments?post=61"}],"version-history":[{"count":2,"href":"https:\/\/www.valentesecurystar.com\/index.php\/wp-json\/wp\/v2\/pages\/61\/revisions"}],"predecessor-version":[{"id":7815,"href":"https:\/\/www.valentesecurystar.com\/index.php\/wp-json\/wp\/v2\/pages\/61\/revisions\/7815"}],"up":[{"embeddable":true,"href":"https:\/\/www.valentesecurystar.com\/index.php\/wp-json\/wp\/v2\/pages\/14"}],"wp:featuredmedia":[{"embeddable":true,"href":"https:\/\/www.valentesecurystar.com\/index.php\/wp-json\/wp\/v2\/media\/3795"}],"wp:attachment":[{"href":"https:\/\/www.valentesecurystar.com\/index.php\/wp-json\/wp\/v2\/media?parent=61"}],"curies":[{"name":"wp","href":"https:\/\/api.w.org\/{rel}","templated":true}]}}