{"id":68,"date":"2020-08-07T09:31:10","date_gmt":"2020-08-07T07:31:10","guid":{"rendered":"http:\/\/constrb.cluster028.hosting.ovh.net\/vm264348-ovh\/?page_id=68"},"modified":"2024-11-04T15:57:46","modified_gmt":"2024-11-04T14:57:46","slug":"nous-contacter","status":"publish","type":"page","link":"https:\/\/www.valentesecurystar.com\/index.php\/nous-contacter\/","title":{"rendered":"Nous contacter"},"content":{"rendered":"\n\n","protected":false},"excerpt":{"rendered":"","protected":false},"author":1,"featured_media":0,"parent":0,"menu_order":0,"comment_status":"closed","ping_status":"closed","template":"","meta":{"footnotes":""},"class_list":["post-68","page","type-page","status-publish","hentry"],"yoast_head":"<!-- This site is optimized with the Yoast SEO plugin v27.4 - https:\/\/yoast.com\/product\/yoast-seo-wordpress\/ -->\n<title>Nous contacter - Securystar<\/title>\n<meta name=\"description\" content=\"La plus haute certification d&#039;Europe. Portes blind\u00e9es Serrures Cylindres et cl\u00e9s Menuiserie acier Contr\u00f4le d&#039;acc\u00e8s \u00e9lectromagn\u00e9tique\" \/>\n<meta name=\"robots\" content=\"index, follow, max-snippet:-1, max-image-preview:large, max-video-preview:-1\" \/>\n<link rel=\"canonical\" href=\"https:\/\/www.valentesecurystar.com\/index.php\/nous-contacter\/\" \/>\n<meta property=\"og:locale\" content=\"fr_FR\" \/>\n<meta property=\"og:type\" content=\"article\" \/>\n<meta property=\"og:title\" content=\"Nous contacter - Securystar\" \/>\n<meta property=\"og:description\" content=\"La plus haute certification d&#039;Europe. Portes blind\u00e9es Serrures Cylindres et cl\u00e9s Menuiserie acier Contr\u00f4le d&#039;acc\u00e8s \u00e9lectromagn\u00e9tique\" \/>\n<meta property=\"og:url\" content=\"https:\/\/www.valentesecurystar.com\/index.php\/nous-contacter\/\" \/>\n<meta property=\"og:site_name\" content=\"Securystar\" \/>\n<meta property=\"article:publisher\" content=\"https:\/\/www.facebook.com\/ValenteSecurystar\" \/>\n<meta property=\"article:modified_time\" content=\"2024-11-04T14:57:46+00:00\" \/>\n<meta property=\"og:image\" content=\"https:\/\/i0.wp.com\/www.valentesecurystar.com\/wp-content\/uploads\/2021\/05\/rucheLOGO.png?fit=1703%2C1662&ssl=1\" \/>\n\t<meta property=\"og:image:width\" content=\"1703\" \/>\n\t<meta property=\"og:image:height\" content=\"1662\" \/>\n\t<meta property=\"og:image:type\" content=\"image\/png\" \/>\n<meta name=\"twitter:card\" content=\"summary_large_image\" \/>\n<meta name=\"twitter:label1\" content=\"Dur\u00e9e de lecture estim\u00e9e\" \/>\n\t<meta name=\"twitter:data1\" content=\"3 minutes\" \/>\n<script type=\"application\/ld+json\" class=\"yoast-schema-graph\">{\"@context\":\"https:\\\/\\\/schema.org\",\"@graph\":[{\"@type\":\"WebPage\",\"@id\":\"https:\\\/\\\/www.valentesecurystar.com\\\/index.php\\\/nous-contacter\\\/\",\"url\":\"https:\\\/\\\/www.valentesecurystar.com\\\/index.php\\\/nous-contacter\\\/\",\"name\":\"Nous contacter - Securystar\",\"isPartOf\":{\"@id\":\"https:\\\/\\\/www.valentesecurystar.com\\\/#website\"},\"datePublished\":\"2020-08-07T07:31:10+00:00\",\"dateModified\":\"2024-11-04T14:57:46+00:00\",\"description\":\"La plus haute certification d'Europe. Portes blind\u00e9es Serrures Cylindres et cl\u00e9s Menuiserie acier Contr\u00f4le d'acc\u00e8s \u00e9lectromagn\u00e9tique\",\"breadcrumb\":{\"@id\":\"https:\\\/\\\/www.valentesecurystar.com\\\/index.php\\\/nous-contacter\\\/#breadcrumb\"},\"inLanguage\":\"fr-FR\",\"potentialAction\":[{\"@type\":\"ReadAction\",\"target\":[\"https:\\\/\\\/www.valentesecurystar.com\\\/index.php\\\/nous-contacter\\\/\"]}]},{\"@type\":\"BreadcrumbList\",\"@id\":\"https:\\\/\\\/www.valentesecurystar.com\\\/index.php\\\/nous-contacter\\\/#breadcrumb\",\"itemListElement\":[{\"@type\":\"ListItem\",\"position\":1,\"name\":\"Home\",\"item\":\"https:\\\/\\\/www.valentesecurystar.com\\\/\"},{\"@type\":\"ListItem\",\"position\":2,\"name\":\"Nous contacter\"}]},{\"@type\":\"WebSite\",\"@id\":\"https:\\\/\\\/www.valentesecurystar.com\\\/#website\",\"url\":\"https:\\\/\\\/www.valentesecurystar.com\\\/\",\"name\":\"Securystar\",\"description\":\"Invent\u00e9e pour prot\u00e9ger\",\"publisher\":{\"@id\":\"https:\\\/\\\/www.valentesecurystar.com\\\/#organization\"},\"potentialAction\":[{\"@type\":\"SearchAction\",\"target\":{\"@type\":\"EntryPoint\",\"urlTemplate\":\"https:\\\/\\\/www.valentesecurystar.com\\\/?s={search_term_string}\"},\"query-input\":{\"@type\":\"PropertyValueSpecification\",\"valueRequired\":true,\"valueName\":\"search_term_string\"}}],\"inLanguage\":\"fr-FR\"},{\"@type\":\"Organization\",\"@id\":\"https:\\\/\\\/www.valentesecurystar.com\\\/#organization\",\"name\":\"Valente Securystar\",\"url\":\"https:\\\/\\\/www.valentesecurystar.com\\\/\",\"logo\":{\"@type\":\"ImageObject\",\"inLanguage\":\"fr-FR\",\"@id\":\"https:\\\/\\\/www.valentesecurystar.com\\\/#\\\/schema\\\/logo\\\/image\\\/\",\"url\":\"https:\\\/\\\/www.valentesecurystar.com\\\/wp-content\\\/uploads\\\/2020\\\/08\\\/Triangle-logo-VALENTE-SECURYSTAR-customise.png\",\"contentUrl\":\"https:\\\/\\\/www.valentesecurystar.com\\\/wp-content\\\/uploads\\\/2020\\\/08\\\/Triangle-logo-VALENTE-SECURYSTAR-customise.png\",\"width\":395,\"height\":379,\"caption\":\"Valente Securystar\"},\"image\":{\"@id\":\"https:\\\/\\\/www.valentesecurystar.com\\\/#\\\/schema\\\/logo\\\/image\\\/\"},\"sameAs\":[\"https:\\\/\\\/www.facebook.com\\\/ValenteSecurystar\",\"https:\\\/\\\/www.instagram.com\\\/valente_securite\\\/\",\"https:\\\/\\\/www.linkedin.com\\\/company\\\/securystar\",\"https:\\\/\\\/www.youtube.com\\\/channel\\\/UC_Q5XzLaGfWe65BLjIpAwuw\"]}]}<\/script>\n<!-- \/ Yoast SEO plugin. -->","yoast_head_json":{"title":"Nous contacter - Securystar","description":"La plus haute certification d'Europe. Portes blind\u00e9es Serrures Cylindres et cl\u00e9s Menuiserie acier Contr\u00f4le d'acc\u00e8s \u00e9lectromagn\u00e9tique","robots":{"index":"index","follow":"follow","max-snippet":"max-snippet:-1","max-image-preview":"max-image-preview:large","max-video-preview":"max-video-preview:-1"},"canonical":"https:\/\/www.valentesecurystar.com\/index.php\/nous-contacter\/","og_locale":"fr_FR","og_type":"article","og_title":"Nous contacter - Securystar","og_description":"La plus haute certification d'Europe. Portes blind\u00e9es Serrures Cylindres et cl\u00e9s Menuiserie acier Contr\u00f4le d'acc\u00e8s \u00e9lectromagn\u00e9tique","og_url":"https:\/\/www.valentesecurystar.com\/index.php\/nous-contacter\/","og_site_name":"Securystar","article_publisher":"https:\/\/www.facebook.com\/ValenteSecurystar","article_modified_time":"2024-11-04T14:57:46+00:00","og_image":[{"width":1703,"height":1662,"url":"https:\/\/i0.wp.com\/www.valentesecurystar.com\/wp-content\/uploads\/2021\/05\/rucheLOGO.png?fit=1703%2C1662&ssl=1","type":"image\/png"}],"twitter_card":"summary_large_image","twitter_misc":{"Dur\u00e9e de lecture estim\u00e9e":"3 minutes"},"schema":{"@context":"https:\/\/schema.org","@graph":[{"@type":"WebPage","@id":"https:\/\/www.valentesecurystar.com\/index.php\/nous-contacter\/","url":"https:\/\/www.valentesecurystar.com\/index.php\/nous-contacter\/","name":"Nous contacter - Securystar","isPartOf":{"@id":"https:\/\/www.valentesecurystar.com\/#website"},"datePublished":"2020-08-07T07:31:10+00:00","dateModified":"2024-11-04T14:57:46+00:00","description":"La plus haute certification d'Europe. Portes blind\u00e9es Serrures Cylindres et cl\u00e9s Menuiserie acier Contr\u00f4le d'acc\u00e8s \u00e9lectromagn\u00e9tique","breadcrumb":{"@id":"https:\/\/www.valentesecurystar.com\/index.php\/nous-contacter\/#breadcrumb"},"inLanguage":"fr-FR","potentialAction":[{"@type":"ReadAction","target":["https:\/\/www.valentesecurystar.com\/index.php\/nous-contacter\/"]}]},{"@type":"BreadcrumbList","@id":"https:\/\/www.valentesecurystar.com\/index.php\/nous-contacter\/#breadcrumb","itemListElement":[{"@type":"ListItem","position":1,"name":"Home","item":"https:\/\/www.valentesecurystar.com\/"},{"@type":"ListItem","position":2,"name":"Nous contacter"}]},{"@type":"WebSite","@id":"https:\/\/www.valentesecurystar.com\/#website","url":"https:\/\/www.valentesecurystar.com\/","name":"Securystar","description":"Invent\u00e9e pour prot\u00e9ger","publisher":{"@id":"https:\/\/www.valentesecurystar.com\/#organization"},"potentialAction":[{"@type":"SearchAction","target":{"@type":"EntryPoint","urlTemplate":"https:\/\/www.valentesecurystar.com\/?s={search_term_string}"},"query-input":{"@type":"PropertyValueSpecification","valueRequired":true,"valueName":"search_term_string"}}],"inLanguage":"fr-FR"},{"@type":"Organization","@id":"https:\/\/www.valentesecurystar.com\/#organization","name":"Valente Securystar","url":"https:\/\/www.valentesecurystar.com\/","logo":{"@type":"ImageObject","inLanguage":"fr-FR","@id":"https:\/\/www.valentesecurystar.com\/#\/schema\/logo\/image\/","url":"https:\/\/www.valentesecurystar.com\/wp-content\/uploads\/2020\/08\/Triangle-logo-VALENTE-SECURYSTAR-customise.png","contentUrl":"https:\/\/www.valentesecurystar.com\/wp-content\/uploads\/2020\/08\/Triangle-logo-VALENTE-SECURYSTAR-customise.png","width":395,"height":379,"caption":"Valente Securystar"},"image":{"@id":"https:\/\/www.valentesecurystar.com\/#\/schema\/logo\/image\/"},"sameAs":["https:\/\/www.facebook.com\/ValenteSecurystar","https:\/\/www.instagram.com\/valente_securite\/","https:\/\/www.linkedin.com\/company\/securystar","https:\/\/www.youtube.com\/channel\/UC_Q5XzLaGfWe65BLjIpAwuw"]}]}},"jetpack_sharing_enabled":true,"jetpack_likes_enabled":true,"jetpack_shortlink":"https:\/\/wp.me\/PcmrIw-16","_links":{"self":[{"href":"https:\/\/www.valentesecurystar.com\/index.php\/wp-json\/wp\/v2\/pages\/68","targetHints":{"allow":["GET"]}}],"collection":[{"href":"https:\/\/www.valentesecurystar.com\/index.php\/wp-json\/wp\/v2\/pages"}],"about":[{"href":"https:\/\/www.valentesecurystar.com\/index.php\/wp-json\/wp\/v2\/types\/page"}],"author":[{"embeddable":true,"href":"https:\/\/www.valentesecurystar.com\/index.php\/wp-json\/wp\/v2\/users\/1"}],"replies":[{"embeddable":true,"href":"https:\/\/www.valentesecurystar.com\/index.php\/wp-json\/wp\/v2\/comments?post=68"}],"version-history":[{"count":2,"href":"https:\/\/www.valentesecurystar.com\/index.php\/wp-json\/wp\/v2\/pages\/68\/revisions"}],"predecessor-version":[{"id":7807,"href":"https:\/\/www.valentesecurystar.com\/index.php\/wp-json\/wp\/v2\/pages\/68\/revisions\/7807"}],"wp:attachment":[{"href":"https:\/\/www.valentesecurystar.com\/index.php\/wp-json\/wp\/v2\/media?parent=68"}],"curies":[{"name":"wp","href":"https:\/\/api.w.org\/{rel}","templated":true}]}}